{"id":2035,"date":"2022-11-03T16:18:34","date_gmt":"2022-11-03T16:18:34","guid":{"rendered":"https:\/\/www.tuhorn.ch\/?post_type=product&#038;p=2035"},"modified":"2026-03-10T07:47:46","modified_gmt":"2026-03-10T06:47:46","slug":"innerhandschuh","status":"publish","type":"product","link":"https:\/\/www.tuhorn.ch\/en\/product\/innerhandschuh\/","title":{"rendered":"Tuhorn Inner Gloves"},"content":{"rendered":"","protected":false},"excerpt":{"rendered":"<p>Was dauert am l\u00e4ngsten bei der Vorbereitung eines Boxtrainings? Genau, das Anziehen der Boxbandagen. Manchmal ist es zu eng, manchmal unbequem. Nun gibt es die perfekte Alternativl\u00f6sung \u2013 die Tuhorn Innenhandschuhe.\u00a0 Diese zieht man wie normale Handschuhe an und wickelt die kurze Bandage um das Handgelenk rum. Die Innenhandschuhe haben zudem noch eine hervorragende Polsterung, welche Ihre H\u00e4nde noch zus\u00e4tzlich sch\u00fctzt.<\/p>","protected":false},"featured_media":7035,"comment_status":"open","ping_status":"closed","template":"","meta":{"site-sidebar-layout":"default","site-content-layout":"content-boxed-container","ast-site-content-layout":"normal-width-container","site-content-style":"boxed","site-sidebar-style":"unboxed","ast-global-header-display":"","ast-banner-title-visibility":"","ast-main-header-display":"","ast-hfb-above-header-display":"","ast-hfb-below-header-display":"","ast-hfb-mobile-header-display":"","site-post-title":"","ast-breadcrumbs-content":"","ast-featured-img":"","footer-sml-layout":"","ast-disable-related-posts":"","theme-transparent-header-meta":"disabled","adv-header-id-meta":"","stick-header-meta":"enabled","header-above-stick-meta":"","header-main-stick-meta":"on","header-below-stick-meta":"","astra-migrate-meta-layouts":"set","ast-page-background-enabled":"default","ast-page-background-meta":{"desktop":{"background-color":"","background-image":"","background-repeat":"repeat","background-position":"center center","background-size":"auto","background-attachment":"scroll","background-type":"","background-media":"","overlay-type":"","overlay-color":"","overlay-opacity":"","overlay-gradient":""},"tablet":{"background-color":"","background-image":"","background-repeat":"repeat","background-position":"center center","background-size":"auto","background-attachment":"scroll","background-type":"","background-media":"","overlay-type":"","overlay-color":"","overlay-opacity":"","overlay-gradient":""},"mobile":{"background-color":"","background-image":"","background-repeat":"repeat","background-position":"center center","background-size":"auto","background-attachment":"scroll","background-type":"","background-media":"","overlay-type":"","overlay-color":"","overlay-opacity":"","overlay-gradient":""}},"ast-content-background-meta":{"desktop":{"background-color":"var(--ast-global-color-5)","background-image":"","background-repeat":"repeat","background-position":"center center","background-size":"auto","background-attachment":"scroll","background-type":"","background-media":"","overlay-type":"","overlay-color":"","overlay-opacity":"","overlay-gradient":""},"tablet":{"background-color":"var(--ast-global-color-5)","background-image":"","background-repeat":"repeat","background-position":"center center","background-size":"auto","background-attachment":"scroll","background-type":"","background-media":"","overlay-type":"","overlay-color":"","overlay-opacity":"","overlay-gradient":""},"mobile":{"background-color":"var(--ast-global-color-5)","background-image":"","background-repeat":"repeat","background-position":"center center","background-size":"auto","background-attachment":"scroll","background-type":"","background-media":"","overlay-type":"","overlay-color":"","overlay-opacity":"","overlay-gradient":""}}},"product_brand":[],"product_cat":[313,25,300],"product_tag":[281,282,200,276,278,202,279,277,280],"class_list":{"0":"post-2035","1":"product","2":"type-product","3":"status-publish","4":"has-post-thumbnail","6":"product_cat-innenhandschuhe","7":"product_cat-weitere-produkte","8":"product_cat-zubehor","9":"product_tag-fastwrap","10":"product_tag-fastwraps","11":"product_tag-innenhandschuhe","12":"product_tag-innenhandschuhe-boxen","13":"product_tag-inner-strap","14":"product_tag-quick-handwrap","15":"product_tag-quick-handwraps","16":"product_tag-quick-wrap","17":"product_tag-quick-wraps","18":"pa_color-blue","19":"pa_color-red","20":"pa_color-black","21":"pa_size-large","22":"pa_size-medium","23":"pa_size-small","24":"pa_size-x-large","25":"desktop-align-left","26":"tablet-align-left","27":"mobile-align-left","28":"tm-no-options","30":"first","31":"instock","32":"taxable","33":"shipping-taxable","34":"purchasable","35":"product-type-variable","36":"wvs-archive-product-wrapper"},"supplier_id":null,"supplier_sku":"","barcode":null,"atum_controlled":true,"out_stock_date":null,"out_stock_threshold":null,"inheritable":false,"inbound_stock":0,"stock_on_hold":0,"sold_today":0,"sales_last_days":0,"reserved_stock":0,"customer_returns":0,"warehouse_damage":0,"lost_in_post":0,"other_logs":0,"out_stock_days":0,"lost_sales":0,"has_location":false,"update_date":"2026-04-20T01:07:44","atum_locations":[],"atum_stock_status":"instock","restock_status":false,"low_stock_amount":"","sales_update_date":"2026-04-20T01:07:44","calc_backorders":null,"yoast_head":"<!-- This site is optimized with the Yoast SEO plugin v27.4 - https:\/\/yoast.com\/product\/yoast-seo-wordpress\/ -->\n<title>Tuhorn Innenhandschuh - Swiss Fight Gear Brand<\/title>\n<meta name=\"description\" content=\"50 Tage Geld-zur\u00fcck-Garantie. 1 Jahr Produktgarantie. Wir tun unser Bestes, um Sie zufrieden zu stellen. Schauen Sie sich unser Innenhandschuhe an.\" \/>\n<meta name=\"robots\" content=\"index, follow, max-snippet:-1, max-image-preview:large, max-video-preview:-1\" \/>\n<link rel=\"canonical\" href=\"https:\/\/www.tuhorn.ch\/en\/product\/innerhandschuh\/\" \/>\n<meta property=\"og:locale\" content=\"en_US\" \/>\n<meta property=\"og:type\" content=\"article\" \/>\n<meta property=\"og:title\" content=\"Tuhorn Innenhandschuh - Swiss Fight Gear Brand\" \/>\n<meta property=\"og:description\" content=\"50 Tage Geld-zur\u00fcck-Garantie. 1 Jahr Produktgarantie. Wir tun unser Bestes, um Sie zufrieden zu stellen. Schauen Sie sich unser Innenhandschuhe an.\" \/>\n<meta property=\"og:url\" content=\"https:\/\/www.tuhorn.ch\/en\/product\/innerhandschuh\/\" \/>\n<meta property=\"og:site_name\" content=\"Tuhorn Sports\" \/>\n<meta property=\"article:publisher\" content=\"https:\/\/www.facebook.com\/profile.php?id=100085949725353\" \/>\n<meta property=\"article:modified_time\" content=\"2026-03-10T06:47:46+00:00\" \/>\n<meta property=\"og:image\" content=\"https:\/\/www.tuhorn.ch\/wp-content\/uploads\/2022\/11\/Innenhandschuhe.webp\" \/>\n\t<meta property=\"og:image:width\" content=\"790\" \/>\n\t<meta property=\"og:image:height\" content=\"790\" \/>\n\t<meta property=\"og:image:type\" content=\"image\/webp\" \/>\n<meta name=\"twitter:card\" content=\"summary_large_image\" \/>\n<script type=\"application\/ld+json\" class=\"yoast-schema-graph\">{\"@context\":\"https:\\\/\\\/schema.org\",\"@graph\":[{\"@type\":\"WebPage\",\"@id\":\"https:\\\/\\\/www.tuhorn.ch\\\/produkt\\\/innerhandschuh\\\/\",\"url\":\"https:\\\/\\\/www.tuhorn.ch\\\/produkt\\\/innerhandschuh\\\/\",\"name\":\"Tuhorn Innenhandschuh - Swiss Fight Gear Brand\",\"isPartOf\":{\"@id\":\"https:\\\/\\\/www.tuhorn.ch\\\/#website\"},\"primaryImageOfPage\":{\"@id\":\"https:\\\/\\\/www.tuhorn.ch\\\/produkt\\\/innerhandschuh\\\/#primaryimage\"},\"image\":{\"@id\":\"https:\\\/\\\/www.tuhorn.ch\\\/produkt\\\/innerhandschuh\\\/#primaryimage\"},\"thumbnailUrl\":\"https:\\\/\\\/www.tuhorn.ch\\\/wp-content\\\/uploads\\\/2022\\\/11\\\/Innenhandschuhe.webp\",\"datePublished\":\"2022-11-03T16:18:34+00:00\",\"dateModified\":\"2026-03-10T06:47:46+00:00\",\"description\":\"50 Tage Geld-zur\u00fcck-Garantie. 1 Jahr Produktgarantie. Wir tun unser Bestes, um Sie zufrieden zu stellen. Schauen Sie sich unser Innenhandschuhe an.\",\"breadcrumb\":{\"@id\":\"https:\\\/\\\/www.tuhorn.ch\\\/produkt\\\/innerhandschuh\\\/#breadcrumb\"},\"inLanguage\":\"en-US\",\"potentialAction\":[{\"@type\":\"ReadAction\",\"target\":[\"https:\\\/\\\/www.tuhorn.ch\\\/produkt\\\/innerhandschuh\\\/\"]}]},{\"@type\":\"ImageObject\",\"inLanguage\":\"en-US\",\"@id\":\"https:\\\/\\\/www.tuhorn.ch\\\/produkt\\\/innerhandschuh\\\/#primaryimage\",\"url\":\"https:\\\/\\\/www.tuhorn.ch\\\/wp-content\\\/uploads\\\/2022\\\/11\\\/Innenhandschuhe.webp\",\"contentUrl\":\"https:\\\/\\\/www.tuhorn.ch\\\/wp-content\\\/uploads\\\/2022\\\/11\\\/Innenhandschuhe.webp\",\"width\":790,\"height\":790,\"caption\":\"Innenhandschuhe all\"},{\"@type\":\"BreadcrumbList\",\"@id\":\"https:\\\/\\\/www.tuhorn.ch\\\/produkt\\\/innerhandschuh\\\/#breadcrumb\",\"itemListElement\":[{\"@type\":\"ListItem\",\"position\":1,\"name\":\"Home\",\"item\":\"https:\\\/\\\/www.tuhorn.ch\\\/\"},{\"@type\":\"ListItem\",\"position\":2,\"name\":\"Store\",\"item\":\"https:\\\/\\\/www.tuhorn.ch\\\/store\\\/\"},{\"@type\":\"ListItem\",\"position\":3,\"name\":\"Tuhorn Innenhandschuh\"}]},{\"@type\":\"WebSite\",\"@id\":\"https:\\\/\\\/www.tuhorn.ch\\\/#website\",\"url\":\"https:\\\/\\\/www.tuhorn.ch\\\/\",\"name\":\"Best Boxing equipment - Tuhorn Sports\",\"description\":\"Premium-Ausr\u00fcstung ohne Premium-Preis\",\"publisher\":{\"@id\":\"https:\\\/\\\/www.tuhorn.ch\\\/#organization\"},\"alternateName\":\"Tuhorn\",\"potentialAction\":[{\"@type\":\"SearchAction\",\"target\":{\"@type\":\"EntryPoint\",\"urlTemplate\":\"https:\\\/\\\/www.tuhorn.ch\\\/?s={search_term_string}\"},\"query-input\":{\"@type\":\"PropertyValueSpecification\",\"valueRequired\":true,\"valueName\":\"search_term_string\"}}],\"inLanguage\":\"en-US\"},{\"@type\":\"Organization\",\"@id\":\"https:\\\/\\\/www.tuhorn.ch\\\/#organization\",\"name\":\"Tuhorn Sports\",\"alternateName\":\"Tuhron\",\"url\":\"https:\\\/\\\/www.tuhorn.ch\\\/\",\"logo\":{\"@type\":\"ImageObject\",\"inLanguage\":\"en-US\",\"@id\":\"https:\\\/\\\/www.tuhorn.ch\\\/#\\\/schema\\\/logo\\\/image\\\/\",\"url\":\"https:\\\/\\\/www.tuhorn.ch\\\/wp-content\\\/uploads\\\/2022\\\/11\\\/Tuhorn-full-logo-jpg.jpg\",\"contentUrl\":\"https:\\\/\\\/www.tuhorn.ch\\\/wp-content\\\/uploads\\\/2022\\\/11\\\/Tuhorn-full-logo-jpg.jpg\",\"width\":1200,\"height\":800,\"caption\":\"Tuhorn Sports\"},\"image\":{\"@id\":\"https:\\\/\\\/www.tuhorn.ch\\\/#\\\/schema\\\/logo\\\/image\\\/\"},\"sameAs\":[\"https:\\\/\\\/www.facebook.com\\\/profile.php?id=100085949725353\",\"https:\\\/\\\/www.instagram.com\\\/tuhornsports\\\/\",\"https:\\\/\\\/www.tiktok.com\\\/@tuhorn\"]}]}<\/script>\n<!-- \/ Yoast SEO plugin. -->","yoast_head_json":{"title":"Tuhorn Innenhandschuh - Swiss Fight Gear Brand","description":"50 Tage Geld-zur\u00fcck-Garantie. 1 Jahr Produktgarantie. Wir tun unser Bestes, um Sie zufrieden zu stellen. Schauen Sie sich unser Innenhandschuhe an.","robots":{"index":"index","follow":"follow","max-snippet":"max-snippet:-1","max-image-preview":"max-image-preview:large","max-video-preview":"max-video-preview:-1"},"canonical":"https:\/\/www.tuhorn.ch\/en\/product\/innerhandschuh\/","og_locale":"en_US","og_type":"article","og_title":"Tuhorn Innenhandschuh - Swiss Fight Gear Brand","og_description":"50 Tage Geld-zur\u00fcck-Garantie. 1 Jahr Produktgarantie. Wir tun unser Bestes, um Sie zufrieden zu stellen. Schauen Sie sich unser Innenhandschuhe an.","og_url":"https:\/\/www.tuhorn.ch\/en\/product\/innerhandschuh\/","og_site_name":"Tuhorn Sports","article_publisher":"https:\/\/www.facebook.com\/profile.php?id=100085949725353","article_modified_time":"2026-03-10T06:47:46+00:00","og_image":[{"width":790,"height":790,"url":"https:\/\/www.tuhorn.ch\/wp-content\/uploads\/2022\/11\/Innenhandschuhe.webp","type":"image\/webp"}],"twitter_card":"summary_large_image","schema":{"@context":"https:\/\/schema.org","@graph":[{"@type":"WebPage","@id":"https:\/\/www.tuhorn.ch\/produkt\/innerhandschuh\/","url":"https:\/\/www.tuhorn.ch\/produkt\/innerhandschuh\/","name":"Tuhorn Innenhandschuh - Swiss Fight Gear Brand","isPartOf":{"@id":"https:\/\/www.tuhorn.ch\/#website"},"primaryImageOfPage":{"@id":"https:\/\/www.tuhorn.ch\/produkt\/innerhandschuh\/#primaryimage"},"image":{"@id":"https:\/\/www.tuhorn.ch\/produkt\/innerhandschuh\/#primaryimage"},"thumbnailUrl":"https:\/\/www.tuhorn.ch\/wp-content\/uploads\/2022\/11\/Innenhandschuhe.webp","datePublished":"2022-11-03T16:18:34+00:00","dateModified":"2026-03-10T06:47:46+00:00","description":"50 Tage Geld-zur\u00fcck-Garantie. 1 Jahr Produktgarantie. Wir tun unser Bestes, um Sie zufrieden zu stellen. Schauen Sie sich unser Innenhandschuhe an.","breadcrumb":{"@id":"https:\/\/www.tuhorn.ch\/produkt\/innerhandschuh\/#breadcrumb"},"inLanguage":"en-US","potentialAction":[{"@type":"ReadAction","target":["https:\/\/www.tuhorn.ch\/produkt\/innerhandschuh\/"]}]},{"@type":"ImageObject","inLanguage":"en-US","@id":"https:\/\/www.tuhorn.ch\/produkt\/innerhandschuh\/#primaryimage","url":"https:\/\/www.tuhorn.ch\/wp-content\/uploads\/2022\/11\/Innenhandschuhe.webp","contentUrl":"https:\/\/www.tuhorn.ch\/wp-content\/uploads\/2022\/11\/Innenhandschuhe.webp","width":790,"height":790,"caption":"Innenhandschuhe all"},{"@type":"BreadcrumbList","@id":"https:\/\/www.tuhorn.ch\/produkt\/innerhandschuh\/#breadcrumb","itemListElement":[{"@type":"ListItem","position":1,"name":"Home","item":"https:\/\/www.tuhorn.ch\/"},{"@type":"ListItem","position":2,"name":"Store","item":"https:\/\/www.tuhorn.ch\/store\/"},{"@type":"ListItem","position":3,"name":"Tuhorn Innenhandschuh"}]},{"@type":"WebSite","@id":"https:\/\/www.tuhorn.ch\/#website","url":"https:\/\/www.tuhorn.ch\/","name":"Best Boxing equipment - Tuhorn Sports","description":"Premium Gear Without the Premium Price","publisher":{"@id":"https:\/\/www.tuhorn.ch\/#organization"},"alternateName":"Tuhorn","potentialAction":[{"@type":"SearchAction","target":{"@type":"EntryPoint","urlTemplate":"https:\/\/www.tuhorn.ch\/?s={search_term_string}"},"query-input":{"@type":"PropertyValueSpecification","valueRequired":true,"valueName":"search_term_string"}}],"inLanguage":"en-US"},{"@type":"Organization","@id":"https:\/\/www.tuhorn.ch\/#organization","name":"Tuhorn Sports","alternateName":"Tuhron","url":"https:\/\/www.tuhorn.ch\/","logo":{"@type":"ImageObject","inLanguage":"en-US","@id":"https:\/\/www.tuhorn.ch\/#\/schema\/logo\/image\/","url":"https:\/\/www.tuhorn.ch\/wp-content\/uploads\/2022\/11\/Tuhorn-full-logo-jpg.jpg","contentUrl":"https:\/\/www.tuhorn.ch\/wp-content\/uploads\/2022\/11\/Tuhorn-full-logo-jpg.jpg","width":1200,"height":800,"caption":"Tuhorn Sports"},"image":{"@id":"https:\/\/www.tuhorn.ch\/#\/schema\/logo\/image\/"},"sameAs":["https:\/\/www.facebook.com\/profile.php?id=100085949725353","https:\/\/www.instagram.com\/tuhornsports\/","https:\/\/www.tiktok.com\/@tuhorn"]}]}},"_links":{"self":[{"href":"https:\/\/www.tuhorn.ch\/en\/wp-json\/wp\/v2\/product\/2035","targetHints":{"allow":["GET"]}}],"collection":[{"href":"https:\/\/www.tuhorn.ch\/en\/wp-json\/wp\/v2\/product"}],"about":[{"href":"https:\/\/www.tuhorn.ch\/en\/wp-json\/wp\/v2\/types\/product"}],"replies":[{"embeddable":true,"href":"https:\/\/www.tuhorn.ch\/en\/wp-json\/wp\/v2\/comments?post=2035"}],"version-history":[{"count":0,"href":"https:\/\/www.tuhorn.ch\/en\/wp-json\/wp\/v2\/product\/2035\/revisions"}],"wp:featuredmedia":[{"embeddable":true,"href":"https:\/\/www.tuhorn.ch\/en\/wp-json\/wp\/v2\/media\/7035"}],"wp:attachment":[{"href":"https:\/\/www.tuhorn.ch\/en\/wp-json\/wp\/v2\/media?parent=2035"}],"wp:term":[{"taxonomy":"product_brand","embeddable":true,"href":"https:\/\/www.tuhorn.ch\/en\/wp-json\/wp\/v2\/product_brand?post=2035"},{"taxonomy":"product_cat","embeddable":true,"href":"https:\/\/www.tuhorn.ch\/en\/wp-json\/wp\/v2\/product_cat?post=2035"},{"taxonomy":"product_tag","embeddable":true,"href":"https:\/\/www.tuhorn.ch\/en\/wp-json\/wp\/v2\/product_tag?post=2035"}],"curies":[{"name":"wp","href":"https:\/\/api.w.org\/{rel}","templated":true}]}}