{"id":2020,"date":"2022-11-03T16:03:42","date_gmt":"2022-11-03T16:03:42","guid":{"rendered":"https:\/\/www.tuhorn.ch\/?post_type=product&#038;p=2020"},"modified":"2026-03-23T07:44:18","modified_gmt":"2026-03-23T06:44:18","slug":"boxbandagen-4-5","status":"publish","type":"product","link":"https:\/\/www.tuhorn.ch\/en\/product\/boxbandagen-4-5\/","title":{"rendered":"Tuhorn Boxing Hand Wraps \u2013 4.5 M"},"content":{"rendered":"","protected":false},"excerpt":{"rendered":"<p>Ebenso wichtig wie die Boxhandschuhe sind passende Boxbandagen. Diese stabilisieren einerseits Ihre H\u00e4nde und Handgelenke und sch\u00fctzen andererseits Ihre Boxhandschuhe durch das Aufsaugen des Schweisses. Die Tuhorn Boxbandagen sind aus einem dicken Stoff hergestellt und bieten ausreichend Schutz bei maximalen Komfort \u2013 alles notwendige f\u00fcr ein erfolgreiches Training. Die L\u00e4nge von 4,5 Metern ist ideal f\u00fcr alle Arten von Training und auch f\u00fcr Wettk\u00e4mpfe.<\/p>","protected":false},"featured_media":7027,"comment_status":"open","ping_status":"closed","template":"","meta":{"site-sidebar-layout":"default","site-content-layout":"content-boxed-container","ast-site-content-layout":"normal-width-container","site-content-style":"boxed","site-sidebar-style":"unboxed","ast-global-header-display":"","ast-banner-title-visibility":"","ast-main-header-display":"","ast-hfb-above-header-display":"","ast-hfb-below-header-display":"","ast-hfb-mobile-header-display":"","site-post-title":"","ast-breadcrumbs-content":"","ast-featured-img":"","footer-sml-layout":"","ast-disable-related-posts":"","theme-transparent-header-meta":"disabled","adv-header-id-meta":"","stick-header-meta":"enabled","header-above-stick-meta":"","header-main-stick-meta":"on","header-below-stick-meta":"","astra-migrate-meta-layouts":"set","ast-page-background-enabled":"default","ast-page-background-meta":{"desktop":{"background-color":"","background-image":"","background-repeat":"repeat","background-position":"center center","background-size":"auto","background-attachment":"scroll","background-type":"","background-media":"","overlay-type":"","overlay-color":"","overlay-opacity":"","overlay-gradient":""},"tablet":{"background-color":"","background-image":"","background-repeat":"repeat","background-position":"center center","background-size":"auto","background-attachment":"scroll","background-type":"","background-media":"","overlay-type":"","overlay-color":"","overlay-opacity":"","overlay-gradient":""},"mobile":{"background-color":"","background-image":"","background-repeat":"repeat","background-position":"center center","background-size":"auto","background-attachment":"scroll","background-type":"","background-media":"","overlay-type":"","overlay-color":"","overlay-opacity":"","overlay-gradient":""}},"ast-content-background-meta":{"desktop":{"background-color":"var(--ast-global-color-5)","background-image":"","background-repeat":"repeat","background-position":"center center","background-size":"auto","background-attachment":"scroll","background-type":"","background-media":"","overlay-type":"","overlay-color":"","overlay-opacity":"","overlay-gradient":""},"tablet":{"background-color":"var(--ast-global-color-5)","background-image":"","background-repeat":"repeat","background-position":"center center","background-size":"auto","background-attachment":"scroll","background-type":"","background-media":"","overlay-type":"","overlay-color":"","overlay-opacity":"","overlay-gradient":""},"mobile":{"background-color":"var(--ast-global-color-5)","background-image":"","background-repeat":"repeat","background-position":"center center","background-size":"auto","background-attachment":"scroll","background-type":"","background-media":"","overlay-type":"","overlay-color":"","overlay-opacity":"","overlay-gradient":""}}},"product_brand":[],"product_cat":[312,25,300],"product_tag":[190,283,284,287,285,286,189,188,171],"class_list":{"0":"post-2020","1":"product","2":"type-product","3":"status-publish","4":"has-post-thumbnail","6":"product_cat-boxbandagen","7":"product_cat-weitere-produkte","8":"product_cat-zubehor","9":"product_tag-bandage","10":"product_tag-bandagen","11":"product_tag-bandagen-boxen","12":"product_tag-bandagen-kickboxen","13":"product_tag-bandagen-mma","14":"product_tag-bandagen-muay-thai","15":"product_tag-boxbandage","16":"product_tag-boxbandagen","17":"product_tag-boxen-zuebehor","18":"pa_color-pink","19":"pa_color-red","20":"pa_color-black","21":"pa_color-white","22":"desktop-align-left","23":"tablet-align-left","24":"mobile-align-left","25":"tm-no-options","27":"first","28":"instock","29":"taxable","30":"shipping-taxable","31":"purchasable","32":"product-type-variable","33":"wvs-archive-product-wrapper"},"supplier_id":null,"supplier_sku":"","barcode":null,"atum_controlled":true,"out_stock_date":null,"out_stock_threshold":null,"inheritable":false,"inbound_stock":0,"stock_on_hold":0,"sold_today":0,"sales_last_days":0,"reserved_stock":0,"customer_returns":0,"warehouse_damage":0,"lost_in_post":0,"other_logs":0,"out_stock_days":0,"lost_sales":0,"has_location":false,"update_date":"2026-04-20T01:07:44","atum_locations":[],"atum_stock_status":"instock","restock_status":false,"low_stock_amount":"","sales_update_date":"2026-04-20T01:07:44","calc_backorders":null,"yoast_head":"<!-- This site is optimized with the Yoast SEO plugin v27.4 - https:\/\/yoast.com\/product\/yoast-seo-wordpress\/ -->\n<title>Boxbandagen 4.5 Meter - Swiss Fight Gear Brand [Tuhorn]<\/title>\n<meta name=\"description\" content=\"30 Tage Geld-zur\u00fcck-Garantie. 1 Jahr Produktgarantie. Wir tun unser Bestes, um Sie zufrieden zu stellen. Schauen Sie sich unser Boxbandagen an.\" \/>\n<meta name=\"robots\" content=\"index, follow, max-snippet:-1, max-image-preview:large, max-video-preview:-1\" \/>\n<link rel=\"canonical\" href=\"https:\/\/www.tuhorn.ch\/en\/product\/boxbandagen-4-5\/\" \/>\n<meta property=\"og:locale\" content=\"en_US\" \/>\n<meta property=\"og:type\" content=\"article\" \/>\n<meta property=\"og:title\" content=\"Boxbandagen 4.5 Meter - Swiss Fight Gear Brand [Tuhorn]\" \/>\n<meta property=\"og:description\" content=\"30 Tage Geld-zur\u00fcck-Garantie. 1 Jahr Produktgarantie. Wir tun unser Bestes, um Sie zufrieden zu stellen. Schauen Sie sich unser Boxbandagen an.\" \/>\n<meta property=\"og:url\" content=\"https:\/\/www.tuhorn.ch\/en\/product\/boxbandagen-4-5\/\" \/>\n<meta property=\"og:site_name\" content=\"Tuhorn Sports\" \/>\n<meta property=\"article:publisher\" content=\"https:\/\/www.facebook.com\/profile.php?id=100085949725353\" \/>\n<meta property=\"article:modified_time\" content=\"2026-03-23T06:44:18+00:00\" \/>\n<meta property=\"og:image\" content=\"https:\/\/www.tuhorn.ch\/wp-content\/uploads\/2022\/11\/Boxbandagen.webp\" \/>\n\t<meta property=\"og:image:width\" content=\"675\" \/>\n\t<meta property=\"og:image:height\" content=\"675\" \/>\n\t<meta property=\"og:image:type\" content=\"image\/webp\" \/>\n<meta name=\"twitter:card\" content=\"summary_large_image\" \/>\n<script type=\"application\/ld+json\" class=\"yoast-schema-graph\">{\"@context\":\"https:\\\/\\\/schema.org\",\"@graph\":[{\"@type\":\"WebPage\",\"@id\":\"https:\\\/\\\/www.tuhorn.ch\\\/produkt\\\/boxbandagen-4-5\\\/\",\"url\":\"https:\\\/\\\/www.tuhorn.ch\\\/produkt\\\/boxbandagen-4-5\\\/\",\"name\":\"Boxbandagen 4.5 Meter - Swiss Fight Gear Brand [Tuhorn]\",\"isPartOf\":{\"@id\":\"https:\\\/\\\/www.tuhorn.ch\\\/#website\"},\"primaryImageOfPage\":{\"@id\":\"https:\\\/\\\/www.tuhorn.ch\\\/produkt\\\/boxbandagen-4-5\\\/#primaryimage\"},\"image\":{\"@id\":\"https:\\\/\\\/www.tuhorn.ch\\\/produkt\\\/boxbandagen-4-5\\\/#primaryimage\"},\"thumbnailUrl\":\"https:\\\/\\\/www.tuhorn.ch\\\/wp-content\\\/uploads\\\/2022\\\/11\\\/Boxbandagen.webp\",\"datePublished\":\"2022-11-03T16:03:42+00:00\",\"dateModified\":\"2026-03-23T06:44:18+00:00\",\"description\":\"30 Tage Geld-zur\u00fcck-Garantie. 1 Jahr Produktgarantie. Wir tun unser Bestes, um Sie zufrieden zu stellen. Schauen Sie sich unser Boxbandagen an.\",\"breadcrumb\":{\"@id\":\"https:\\\/\\\/www.tuhorn.ch\\\/produkt\\\/boxbandagen-4-5\\\/#breadcrumb\"},\"inLanguage\":\"en-US\",\"potentialAction\":[{\"@type\":\"ReadAction\",\"target\":[\"https:\\\/\\\/www.tuhorn.ch\\\/produkt\\\/boxbandagen-4-5\\\/\"]}]},{\"@type\":\"ImageObject\",\"inLanguage\":\"en-US\",\"@id\":\"https:\\\/\\\/www.tuhorn.ch\\\/produkt\\\/boxbandagen-4-5\\\/#primaryimage\",\"url\":\"https:\\\/\\\/www.tuhorn.ch\\\/wp-content\\\/uploads\\\/2022\\\/11\\\/Boxbandagen.webp\",\"contentUrl\":\"https:\\\/\\\/www.tuhorn.ch\\\/wp-content\\\/uploads\\\/2022\\\/11\\\/Boxbandagen.webp\",\"width\":675,\"height\":675,\"caption\":\"Boxbandagen all\"},{\"@type\":\"BreadcrumbList\",\"@id\":\"https:\\\/\\\/www.tuhorn.ch\\\/produkt\\\/boxbandagen-4-5\\\/#breadcrumb\",\"itemListElement\":[{\"@type\":\"ListItem\",\"position\":1,\"name\":\"Home\",\"item\":\"https:\\\/\\\/www.tuhorn.ch\\\/\"},{\"@type\":\"ListItem\",\"position\":2,\"name\":\"Store\",\"item\":\"https:\\\/\\\/www.tuhorn.ch\\\/store\\\/\"},{\"@type\":\"ListItem\",\"position\":3,\"name\":\"Tuhorn Boxbandagen &#8211; 4.5 M\"}]},{\"@type\":\"WebSite\",\"@id\":\"https:\\\/\\\/www.tuhorn.ch\\\/#website\",\"url\":\"https:\\\/\\\/www.tuhorn.ch\\\/\",\"name\":\"Best Boxing equipment - Tuhorn Sports\",\"description\":\"Premium-Ausr\u00fcstung ohne Premium-Preis\",\"publisher\":{\"@id\":\"https:\\\/\\\/www.tuhorn.ch\\\/#organization\"},\"alternateName\":\"Tuhorn\",\"potentialAction\":[{\"@type\":\"SearchAction\",\"target\":{\"@type\":\"EntryPoint\",\"urlTemplate\":\"https:\\\/\\\/www.tuhorn.ch\\\/?s={search_term_string}\"},\"query-input\":{\"@type\":\"PropertyValueSpecification\",\"valueRequired\":true,\"valueName\":\"search_term_string\"}}],\"inLanguage\":\"en-US\"},{\"@type\":\"Organization\",\"@id\":\"https:\\\/\\\/www.tuhorn.ch\\\/#organization\",\"name\":\"Tuhorn Sports\",\"alternateName\":\"Tuhron\",\"url\":\"https:\\\/\\\/www.tuhorn.ch\\\/\",\"logo\":{\"@type\":\"ImageObject\",\"inLanguage\":\"en-US\",\"@id\":\"https:\\\/\\\/www.tuhorn.ch\\\/#\\\/schema\\\/logo\\\/image\\\/\",\"url\":\"https:\\\/\\\/www.tuhorn.ch\\\/wp-content\\\/uploads\\\/2022\\\/11\\\/Tuhorn-full-logo-jpg.jpg\",\"contentUrl\":\"https:\\\/\\\/www.tuhorn.ch\\\/wp-content\\\/uploads\\\/2022\\\/11\\\/Tuhorn-full-logo-jpg.jpg\",\"width\":1200,\"height\":800,\"caption\":\"Tuhorn Sports\"},\"image\":{\"@id\":\"https:\\\/\\\/www.tuhorn.ch\\\/#\\\/schema\\\/logo\\\/image\\\/\"},\"sameAs\":[\"https:\\\/\\\/www.facebook.com\\\/profile.php?id=100085949725353\",\"https:\\\/\\\/www.instagram.com\\\/tuhornsports\\\/\",\"https:\\\/\\\/www.tiktok.com\\\/@tuhorn\"]}]}<\/script>\n<!-- \/ Yoast SEO plugin. -->","yoast_head_json":{"title":"Boxbandagen 4.5 Meter - Swiss Fight Gear Brand [Tuhorn]","description":"30 Tage Geld-zur\u00fcck-Garantie. 1 Jahr Produktgarantie. Wir tun unser Bestes, um Sie zufrieden zu stellen. Schauen Sie sich unser Boxbandagen an.","robots":{"index":"index","follow":"follow","max-snippet":"max-snippet:-1","max-image-preview":"max-image-preview:large","max-video-preview":"max-video-preview:-1"},"canonical":"https:\/\/www.tuhorn.ch\/en\/product\/boxbandagen-4-5\/","og_locale":"en_US","og_type":"article","og_title":"Boxbandagen 4.5 Meter - Swiss Fight Gear Brand [Tuhorn]","og_description":"30 Tage Geld-zur\u00fcck-Garantie. 1 Jahr Produktgarantie. Wir tun unser Bestes, um Sie zufrieden zu stellen. Schauen Sie sich unser Boxbandagen an.","og_url":"https:\/\/www.tuhorn.ch\/en\/product\/boxbandagen-4-5\/","og_site_name":"Tuhorn Sports","article_publisher":"https:\/\/www.facebook.com\/profile.php?id=100085949725353","article_modified_time":"2026-03-23T06:44:18+00:00","og_image":[{"width":675,"height":675,"url":"https:\/\/www.tuhorn.ch\/wp-content\/uploads\/2022\/11\/Boxbandagen.webp","type":"image\/webp"}],"twitter_card":"summary_large_image","schema":{"@context":"https:\/\/schema.org","@graph":[{"@type":"WebPage","@id":"https:\/\/www.tuhorn.ch\/produkt\/boxbandagen-4-5\/","url":"https:\/\/www.tuhorn.ch\/produkt\/boxbandagen-4-5\/","name":"Boxbandagen 4.5 Meter - Swiss Fight Gear Brand [Tuhorn]","isPartOf":{"@id":"https:\/\/www.tuhorn.ch\/#website"},"primaryImageOfPage":{"@id":"https:\/\/www.tuhorn.ch\/produkt\/boxbandagen-4-5\/#primaryimage"},"image":{"@id":"https:\/\/www.tuhorn.ch\/produkt\/boxbandagen-4-5\/#primaryimage"},"thumbnailUrl":"https:\/\/www.tuhorn.ch\/wp-content\/uploads\/2022\/11\/Boxbandagen.webp","datePublished":"2022-11-03T16:03:42+00:00","dateModified":"2026-03-23T06:44:18+00:00","description":"30 Tage Geld-zur\u00fcck-Garantie. 1 Jahr Produktgarantie. Wir tun unser Bestes, um Sie zufrieden zu stellen. Schauen Sie sich unser Boxbandagen an.","breadcrumb":{"@id":"https:\/\/www.tuhorn.ch\/produkt\/boxbandagen-4-5\/#breadcrumb"},"inLanguage":"en-US","potentialAction":[{"@type":"ReadAction","target":["https:\/\/www.tuhorn.ch\/produkt\/boxbandagen-4-5\/"]}]},{"@type":"ImageObject","inLanguage":"en-US","@id":"https:\/\/www.tuhorn.ch\/produkt\/boxbandagen-4-5\/#primaryimage","url":"https:\/\/www.tuhorn.ch\/wp-content\/uploads\/2022\/11\/Boxbandagen.webp","contentUrl":"https:\/\/www.tuhorn.ch\/wp-content\/uploads\/2022\/11\/Boxbandagen.webp","width":675,"height":675,"caption":"Boxbandagen all"},{"@type":"BreadcrumbList","@id":"https:\/\/www.tuhorn.ch\/produkt\/boxbandagen-4-5\/#breadcrumb","itemListElement":[{"@type":"ListItem","position":1,"name":"Home","item":"https:\/\/www.tuhorn.ch\/"},{"@type":"ListItem","position":2,"name":"Store","item":"https:\/\/www.tuhorn.ch\/store\/"},{"@type":"ListItem","position":3,"name":"Tuhorn Boxbandagen &#8211; 4.5 M"}]},{"@type":"WebSite","@id":"https:\/\/www.tuhorn.ch\/#website","url":"https:\/\/www.tuhorn.ch\/","name":"Best Boxing equipment - Tuhorn Sports","description":"Premium Gear Without the Premium Price","publisher":{"@id":"https:\/\/www.tuhorn.ch\/#organization"},"alternateName":"Tuhorn","potentialAction":[{"@type":"SearchAction","target":{"@type":"EntryPoint","urlTemplate":"https:\/\/www.tuhorn.ch\/?s={search_term_string}"},"query-input":{"@type":"PropertyValueSpecification","valueRequired":true,"valueName":"search_term_string"}}],"inLanguage":"en-US"},{"@type":"Organization","@id":"https:\/\/www.tuhorn.ch\/#organization","name":"Tuhorn Sports","alternateName":"Tuhron","url":"https:\/\/www.tuhorn.ch\/","logo":{"@type":"ImageObject","inLanguage":"en-US","@id":"https:\/\/www.tuhorn.ch\/#\/schema\/logo\/image\/","url":"https:\/\/www.tuhorn.ch\/wp-content\/uploads\/2022\/11\/Tuhorn-full-logo-jpg.jpg","contentUrl":"https:\/\/www.tuhorn.ch\/wp-content\/uploads\/2022\/11\/Tuhorn-full-logo-jpg.jpg","width":1200,"height":800,"caption":"Tuhorn Sports"},"image":{"@id":"https:\/\/www.tuhorn.ch\/#\/schema\/logo\/image\/"},"sameAs":["https:\/\/www.facebook.com\/profile.php?id=100085949725353","https:\/\/www.instagram.com\/tuhornsports\/","https:\/\/www.tiktok.com\/@tuhorn"]}]}},"_links":{"self":[{"href":"https:\/\/www.tuhorn.ch\/en\/wp-json\/wp\/v2\/product\/2020","targetHints":{"allow":["GET"]}}],"collection":[{"href":"https:\/\/www.tuhorn.ch\/en\/wp-json\/wp\/v2\/product"}],"about":[{"href":"https:\/\/www.tuhorn.ch\/en\/wp-json\/wp\/v2\/types\/product"}],"replies":[{"embeddable":true,"href":"https:\/\/www.tuhorn.ch\/en\/wp-json\/wp\/v2\/comments?post=2020"}],"version-history":[{"count":0,"href":"https:\/\/www.tuhorn.ch\/en\/wp-json\/wp\/v2\/product\/2020\/revisions"}],"wp:featuredmedia":[{"embeddable":true,"href":"https:\/\/www.tuhorn.ch\/en\/wp-json\/wp\/v2\/media\/7027"}],"wp:attachment":[{"href":"https:\/\/www.tuhorn.ch\/en\/wp-json\/wp\/v2\/media?parent=2020"}],"wp:term":[{"taxonomy":"product_brand","embeddable":true,"href":"https:\/\/www.tuhorn.ch\/en\/wp-json\/wp\/v2\/product_brand?post=2020"},{"taxonomy":"product_cat","embeddable":true,"href":"https:\/\/www.tuhorn.ch\/en\/wp-json\/wp\/v2\/product_cat?post=2020"},{"taxonomy":"product_tag","embeddable":true,"href":"https:\/\/www.tuhorn.ch\/en\/wp-json\/wp\/v2\/product_tag?post=2020"}],"curies":[{"name":"wp","href":"https:\/\/api.w.org\/{rel}","templated":true}]}}