{"id":14207,"date":"2026-04-19T15:37:04","date_gmt":"2026-04-19T13:37:04","guid":{"rendered":"https:\/\/www.tuhorn.ch\/?post_type=product&#038;p=14207"},"modified":"2026-04-19T18:04:51","modified_gmt":"2026-04-19T16:04:51","slug":"event-himantes-pro-style-tiefschutz-schwarz-gold","status":"publish","type":"product","link":"https:\/\/www.tuhorn.ch\/en\/product\/event-himantes-pro-style-tiefschutz-schwarz-gold\/","title":{"rendered":"EVENT | Himantes &amp; Pro Style Groin Gaurd Black Gold"},"content":{"rendered":"","protected":false},"excerpt":{"rendered":"","protected":false},"featured_media":14211,"comment_status":"open","ping_status":"closed","template":"","meta":{"site-sidebar-layout":"no-sidebar","site-content-layout":"default","ast-site-content-layout":"default","site-content-style":"default","site-sidebar-style":"default","ast-global-header-display":"","ast-banner-title-visibility":"","ast-main-header-display":"","ast-hfb-above-header-display":"","ast-hfb-below-header-display":"","ast-hfb-mobile-header-display":"","site-post-title":"","ast-breadcrumbs-content":"","ast-featured-img":"","footer-sml-layout":"","ast-disable-related-posts":"","theme-transparent-header-meta":"default","adv-header-id-meta":"","stick-header-meta":"default","header-above-stick-meta":"","header-main-stick-meta":"","header-below-stick-meta":"","astra-migrate-meta-layouts":"set","ast-page-background-enabled":"default","ast-page-background-meta":{"desktop":{"background-color":"","background-image":"","background-repeat":"repeat","background-position":"center center","background-size":"auto","background-attachment":"scroll","background-type":"","background-media":"","overlay-type":"","overlay-color":"","overlay-opacity":"","overlay-gradient":""},"tablet":{"background-color":"","background-image":"","background-repeat":"repeat","background-position":"center center","background-size":"auto","background-attachment":"scroll","background-type":"","background-media":"","overlay-type":"","overlay-color":"","overlay-opacity":"","overlay-gradient":""},"mobile":{"background-color":"","background-image":"","background-repeat":"repeat","background-position":"center center","background-size":"auto","background-attachment":"scroll","background-type":"","background-media":"","overlay-type":"","overlay-color":"","overlay-opacity":"","overlay-gradient":""}},"ast-content-background-meta":{"desktop":{"background-color":"var(--ast-global-color-5)","background-image":"","background-repeat":"repeat","background-position":"center center","background-size":"auto","background-attachment":"scroll","background-type":"","background-media":"","overlay-type":"","overlay-color":"","overlay-opacity":"","overlay-gradient":""},"tablet":{"background-color":"var(--ast-global-color-5)","background-image":"","background-repeat":"repeat","background-position":"center center","background-size":"auto","background-attachment":"scroll","background-type":"","background-media":"","overlay-type":"","overlay-color":"","overlay-opacity":"","overlay-gradient":""},"mobile":{"background-color":"var(--ast-global-color-5)","background-image":"","background-repeat":"repeat","background-position":"center center","background-size":"auto","background-attachment":"scroll","background-type":"","background-media":"","overlay-type":"","overlay-color":"","overlay-opacity":"","overlay-gradient":""}}},"product_brand":[],"product_cat":[23,48],"product_tag":[],"class_list":{"0":"post-14207","1":"product","2":"type-product","3":"status-publish","4":"has-post-thumbnail","6":"product_cat-boxhandschuhe","7":"product_cat-tiefschutz","8":"desktop-align-left","9":"tablet-align-left","10":"mobile-align-left","11":"tm-no-options","13":"first","14":"instock","15":"sale","16":"taxable","17":"shipping-taxable","18":"purchasable","19":"product-type-composite"},"supplier_id":null,"supplier_sku":"","barcode":null,"atum_controlled":true,"out_stock_date":null,"out_stock_threshold":null,"inheritable":false,"inbound_stock":null,"stock_on_hold":0,"sold_today":0,"sales_last_days":0,"reserved_stock":null,"customer_returns":null,"warehouse_damage":null,"lost_in_post":null,"other_logs":null,"out_stock_days":0,"lost_sales":0,"has_location":false,"update_date":"2026-04-20T01:07:44","atum_locations":[],"atum_stock_status":"instock","restock_status":false,"low_stock_amount":"","sales_update_date":"2026-04-20T01:07:44","calc_backorders":null,"yoast_head":"<!-- This site is optimized with the Yoast SEO plugin v27.4 - https:\/\/yoast.com\/product\/yoast-seo-wordpress\/ -->\n<title>Swiss Fight Gear Brand - Tuhorn Sports - Sparring Set<\/title>\n<meta name=\"description\" content=\"Du kannst das Sparring Set zu einem besseren Preis bekommen. Wir bieten nur Premium-Ausr\u00fcstung ohne Premium-Preis f\u00fcr echte K\u00e4mpfer an.\" \/>\n<meta name=\"robots\" content=\"index, follow, max-snippet:-1, max-image-preview:large, max-video-preview:-1\" \/>\n<link rel=\"canonical\" href=\"https:\/\/www.tuhorn.ch\/en\/product\/event-himantes-pro-style-tiefschutz-schwarz-gold\/\" \/>\n<meta property=\"og:locale\" content=\"en_US\" \/>\n<meta property=\"og:type\" content=\"article\" \/>\n<meta property=\"og:title\" content=\"Swiss Fight Gear Brand - Tuhorn Sports - Sparring Set\" \/>\n<meta property=\"og:description\" content=\"Du kannst das Sparring Set zu einem besseren Preis bekommen. Wir bieten nur Premium-Ausr\u00fcstung ohne Premium-Preis f\u00fcr echte K\u00e4mpfer an.\" \/>\n<meta property=\"og:url\" content=\"https:\/\/www.tuhorn.ch\/en\/product\/event-himantes-pro-style-tiefschutz-schwarz-gold\/\" \/>\n<meta property=\"og:site_name\" content=\"Tuhorn Sports\" \/>\n<meta property=\"article:publisher\" content=\"https:\/\/www.facebook.com\/profile.php?id=100085949725353\" \/>\n<meta property=\"article:modified_time\" content=\"2026-04-19T16:04:51+00:00\" \/>\n<meta property=\"og:image\" content=\"https:\/\/www.tuhorn.ch\/wp-content\/uploads\/2026\/04\/Event-set-2.jpg\" \/>\n\t<meta property=\"og:image:width\" content=\"997\" \/>\n\t<meta property=\"og:image:height\" content=\"998\" \/>\n\t<meta property=\"og:image:type\" content=\"image\/jpeg\" \/>\n<meta name=\"twitter:card\" content=\"summary_large_image\" \/>\n<script type=\"application\/ld+json\" class=\"yoast-schema-graph\">{\"@context\":\"https:\\\/\\\/schema.org\",\"@graph\":[{\"@type\":\"WebPage\",\"@id\":\"https:\\\/\\\/www.tuhorn.ch\\\/produkt\\\/event-himantes-pro-style-tiefschutz-schwarz-gold\\\/\",\"url\":\"https:\\\/\\\/www.tuhorn.ch\\\/produkt\\\/event-himantes-pro-style-tiefschutz-schwarz-gold\\\/\",\"name\":\"Swiss Fight Gear Brand - Tuhorn Sports - Sparring Set\",\"isPartOf\":{\"@id\":\"https:\\\/\\\/www.tuhorn.ch\\\/#website\"},\"primaryImageOfPage\":{\"@id\":\"https:\\\/\\\/www.tuhorn.ch\\\/produkt\\\/event-himantes-pro-style-tiefschutz-schwarz-gold\\\/#primaryimage\"},\"image\":{\"@id\":\"https:\\\/\\\/www.tuhorn.ch\\\/produkt\\\/event-himantes-pro-style-tiefschutz-schwarz-gold\\\/#primaryimage\"},\"thumbnailUrl\":\"https:\\\/\\\/www.tuhorn.ch\\\/wp-content\\\/uploads\\\/2026\\\/04\\\/Event-set-2.jpg\",\"datePublished\":\"2026-04-19T13:37:04+00:00\",\"dateModified\":\"2026-04-19T16:04:51+00:00\",\"description\":\"Du kannst das Sparring Set zu einem besseren Preis bekommen. Wir bieten nur Premium-Ausr\u00fcstung ohne Premium-Preis f\u00fcr echte K\u00e4mpfer an.\",\"breadcrumb\":{\"@id\":\"https:\\\/\\\/www.tuhorn.ch\\\/produkt\\\/event-himantes-pro-style-tiefschutz-schwarz-gold\\\/#breadcrumb\"},\"inLanguage\":\"en-US\",\"potentialAction\":[{\"@type\":\"ReadAction\",\"target\":[\"https:\\\/\\\/www.tuhorn.ch\\\/produkt\\\/event-himantes-pro-style-tiefschutz-schwarz-gold\\\/\"]}]},{\"@type\":\"ImageObject\",\"inLanguage\":\"en-US\",\"@id\":\"https:\\\/\\\/www.tuhorn.ch\\\/produkt\\\/event-himantes-pro-style-tiefschutz-schwarz-gold\\\/#primaryimage\",\"url\":\"https:\\\/\\\/www.tuhorn.ch\\\/wp-content\\\/uploads\\\/2026\\\/04\\\/Event-set-2.jpg\",\"contentUrl\":\"https:\\\/\\\/www.tuhorn.ch\\\/wp-content\\\/uploads\\\/2026\\\/04\\\/Event-set-2.jpg\",\"width\":997,\"height\":998,\"caption\":\"Tuhorn\"},{\"@type\":\"BreadcrumbList\",\"@id\":\"https:\\\/\\\/www.tuhorn.ch\\\/produkt\\\/event-himantes-pro-style-tiefschutz-schwarz-gold\\\/#breadcrumb\",\"itemListElement\":[{\"@type\":\"ListItem\",\"position\":1,\"name\":\"Home\",\"item\":\"https:\\\/\\\/www.tuhorn.ch\\\/\"},{\"@type\":\"ListItem\",\"position\":2,\"name\":\"Store\",\"item\":\"https:\\\/\\\/www.tuhorn.ch\\\/store\\\/\"},{\"@type\":\"ListItem\",\"position\":3,\"name\":\"EVENT | Himantes &#038; Pro Style Tiefschutz Schwarz Gold\"}]},{\"@type\":\"WebSite\",\"@id\":\"https:\\\/\\\/www.tuhorn.ch\\\/#website\",\"url\":\"https:\\\/\\\/www.tuhorn.ch\\\/\",\"name\":\"Best Boxing equipment - Tuhorn Sports\",\"description\":\"Premium-Ausr\u00fcstung ohne Premium-Preis\",\"publisher\":{\"@id\":\"https:\\\/\\\/www.tuhorn.ch\\\/#organization\"},\"alternateName\":\"Tuhorn\",\"potentialAction\":[{\"@type\":\"SearchAction\",\"target\":{\"@type\":\"EntryPoint\",\"urlTemplate\":\"https:\\\/\\\/www.tuhorn.ch\\\/?s={search_term_string}\"},\"query-input\":{\"@type\":\"PropertyValueSpecification\",\"valueRequired\":true,\"valueName\":\"search_term_string\"}}],\"inLanguage\":\"en-US\"},{\"@type\":\"Organization\",\"@id\":\"https:\\\/\\\/www.tuhorn.ch\\\/#organization\",\"name\":\"Tuhorn Sports\",\"alternateName\":\"Tuhron\",\"url\":\"https:\\\/\\\/www.tuhorn.ch\\\/\",\"logo\":{\"@type\":\"ImageObject\",\"inLanguage\":\"en-US\",\"@id\":\"https:\\\/\\\/www.tuhorn.ch\\\/#\\\/schema\\\/logo\\\/image\\\/\",\"url\":\"https:\\\/\\\/www.tuhorn.ch\\\/wp-content\\\/uploads\\\/2022\\\/11\\\/Tuhorn-full-logo-jpg.jpg\",\"contentUrl\":\"https:\\\/\\\/www.tuhorn.ch\\\/wp-content\\\/uploads\\\/2022\\\/11\\\/Tuhorn-full-logo-jpg.jpg\",\"width\":1200,\"height\":800,\"caption\":\"Tuhorn Sports\"},\"image\":{\"@id\":\"https:\\\/\\\/www.tuhorn.ch\\\/#\\\/schema\\\/logo\\\/image\\\/\"},\"sameAs\":[\"https:\\\/\\\/www.facebook.com\\\/profile.php?id=100085949725353\",\"https:\\\/\\\/www.instagram.com\\\/tuhornsports\\\/\",\"https:\\\/\\\/www.tiktok.com\\\/@tuhorn\"]}]}<\/script>\n<!-- \/ Yoast SEO plugin. -->","yoast_head_json":{"title":"Swiss Fight Gear Brand - Tuhorn Sports - Sparring Set","description":"Du kannst das Sparring Set zu einem besseren Preis bekommen. Wir bieten nur Premium-Ausr\u00fcstung ohne Premium-Preis f\u00fcr echte K\u00e4mpfer an.","robots":{"index":"index","follow":"follow","max-snippet":"max-snippet:-1","max-image-preview":"max-image-preview:large","max-video-preview":"max-video-preview:-1"},"canonical":"https:\/\/www.tuhorn.ch\/en\/product\/event-himantes-pro-style-tiefschutz-schwarz-gold\/","og_locale":"en_US","og_type":"article","og_title":"Swiss Fight Gear Brand - Tuhorn Sports - Sparring Set","og_description":"Du kannst das Sparring Set zu einem besseren Preis bekommen. Wir bieten nur Premium-Ausr\u00fcstung ohne Premium-Preis f\u00fcr echte K\u00e4mpfer an.","og_url":"https:\/\/www.tuhorn.ch\/en\/product\/event-himantes-pro-style-tiefschutz-schwarz-gold\/","og_site_name":"Tuhorn Sports","article_publisher":"https:\/\/www.facebook.com\/profile.php?id=100085949725353","article_modified_time":"2026-04-19T16:04:51+00:00","og_image":[{"width":997,"height":998,"url":"https:\/\/www.tuhorn.ch\/wp-content\/uploads\/2026\/04\/Event-set-2.jpg","type":"image\/jpeg"}],"twitter_card":"summary_large_image","schema":{"@context":"https:\/\/schema.org","@graph":[{"@type":"WebPage","@id":"https:\/\/www.tuhorn.ch\/produkt\/event-himantes-pro-style-tiefschutz-schwarz-gold\/","url":"https:\/\/www.tuhorn.ch\/produkt\/event-himantes-pro-style-tiefschutz-schwarz-gold\/","name":"Swiss Fight Gear Brand - Tuhorn Sports - Sparring Set","isPartOf":{"@id":"https:\/\/www.tuhorn.ch\/#website"},"primaryImageOfPage":{"@id":"https:\/\/www.tuhorn.ch\/produkt\/event-himantes-pro-style-tiefschutz-schwarz-gold\/#primaryimage"},"image":{"@id":"https:\/\/www.tuhorn.ch\/produkt\/event-himantes-pro-style-tiefschutz-schwarz-gold\/#primaryimage"},"thumbnailUrl":"https:\/\/www.tuhorn.ch\/wp-content\/uploads\/2026\/04\/Event-set-2.jpg","datePublished":"2026-04-19T13:37:04+00:00","dateModified":"2026-04-19T16:04:51+00:00","description":"Du kannst das Sparring Set zu einem besseren Preis bekommen. Wir bieten nur Premium-Ausr\u00fcstung ohne Premium-Preis f\u00fcr echte K\u00e4mpfer an.","breadcrumb":{"@id":"https:\/\/www.tuhorn.ch\/produkt\/event-himantes-pro-style-tiefschutz-schwarz-gold\/#breadcrumb"},"inLanguage":"en-US","potentialAction":[{"@type":"ReadAction","target":["https:\/\/www.tuhorn.ch\/produkt\/event-himantes-pro-style-tiefschutz-schwarz-gold\/"]}]},{"@type":"ImageObject","inLanguage":"en-US","@id":"https:\/\/www.tuhorn.ch\/produkt\/event-himantes-pro-style-tiefschutz-schwarz-gold\/#primaryimage","url":"https:\/\/www.tuhorn.ch\/wp-content\/uploads\/2026\/04\/Event-set-2.jpg","contentUrl":"https:\/\/www.tuhorn.ch\/wp-content\/uploads\/2026\/04\/Event-set-2.jpg","width":997,"height":998,"caption":"Tuhorn"},{"@type":"BreadcrumbList","@id":"https:\/\/www.tuhorn.ch\/produkt\/event-himantes-pro-style-tiefschutz-schwarz-gold\/#breadcrumb","itemListElement":[{"@type":"ListItem","position":1,"name":"Home","item":"https:\/\/www.tuhorn.ch\/"},{"@type":"ListItem","position":2,"name":"Store","item":"https:\/\/www.tuhorn.ch\/store\/"},{"@type":"ListItem","position":3,"name":"EVENT | Himantes &#038; Pro Style Tiefschutz Schwarz Gold"}]},{"@type":"WebSite","@id":"https:\/\/www.tuhorn.ch\/#website","url":"https:\/\/www.tuhorn.ch\/","name":"Best Boxing equipment - Tuhorn Sports","description":"Premium Gear Without the Premium Price","publisher":{"@id":"https:\/\/www.tuhorn.ch\/#organization"},"alternateName":"Tuhorn","potentialAction":[{"@type":"SearchAction","target":{"@type":"EntryPoint","urlTemplate":"https:\/\/www.tuhorn.ch\/?s={search_term_string}"},"query-input":{"@type":"PropertyValueSpecification","valueRequired":true,"valueName":"search_term_string"}}],"inLanguage":"en-US"},{"@type":"Organization","@id":"https:\/\/www.tuhorn.ch\/#organization","name":"Tuhorn Sports","alternateName":"Tuhron","url":"https:\/\/www.tuhorn.ch\/","logo":{"@type":"ImageObject","inLanguage":"en-US","@id":"https:\/\/www.tuhorn.ch\/#\/schema\/logo\/image\/","url":"https:\/\/www.tuhorn.ch\/wp-content\/uploads\/2022\/11\/Tuhorn-full-logo-jpg.jpg","contentUrl":"https:\/\/www.tuhorn.ch\/wp-content\/uploads\/2022\/11\/Tuhorn-full-logo-jpg.jpg","width":1200,"height":800,"caption":"Tuhorn Sports"},"image":{"@id":"https:\/\/www.tuhorn.ch\/#\/schema\/logo\/image\/"},"sameAs":["https:\/\/www.facebook.com\/profile.php?id=100085949725353","https:\/\/www.instagram.com\/tuhornsports\/","https:\/\/www.tiktok.com\/@tuhorn"]}]}},"_links":{"self":[{"href":"https:\/\/www.tuhorn.ch\/en\/wp-json\/wp\/v2\/product\/14207","targetHints":{"allow":["GET"]}}],"collection":[{"href":"https:\/\/www.tuhorn.ch\/en\/wp-json\/wp\/v2\/product"}],"about":[{"href":"https:\/\/www.tuhorn.ch\/en\/wp-json\/wp\/v2\/types\/product"}],"replies":[{"embeddable":true,"href":"https:\/\/www.tuhorn.ch\/en\/wp-json\/wp\/v2\/comments?post=14207"}],"version-history":[{"count":1,"href":"https:\/\/www.tuhorn.ch\/en\/wp-json\/wp\/v2\/product\/14207\/revisions"}],"predecessor-version":[{"id":14208,"href":"https:\/\/www.tuhorn.ch\/en\/wp-json\/wp\/v2\/product\/14207\/revisions\/14208"}],"wp:featuredmedia":[{"embeddable":true,"href":"https:\/\/www.tuhorn.ch\/en\/wp-json\/wp\/v2\/media\/14211"}],"wp:attachment":[{"href":"https:\/\/www.tuhorn.ch\/en\/wp-json\/wp\/v2\/media?parent=14207"}],"wp:term":[{"taxonomy":"product_brand","embeddable":true,"href":"https:\/\/www.tuhorn.ch\/en\/wp-json\/wp\/v2\/product_brand?post=14207"},{"taxonomy":"product_cat","embeddable":true,"href":"https:\/\/www.tuhorn.ch\/en\/wp-json\/wp\/v2\/product_cat?post=14207"},{"taxonomy":"product_tag","embeddable":true,"href":"https:\/\/www.tuhorn.ch\/en\/wp-json\/wp\/v2\/product_tag?post=14207"}],"curies":[{"name":"wp","href":"https:\/\/api.w.org\/{rel}","templated":true}]}}