{"id":12533,"date":"2024-08-16T15:15:25","date_gmt":"2024-08-16T13:15:25","guid":{"rendered":"https:\/\/www.tuhorn.ch\/?post_type=product&#038;p=12533"},"modified":"2025-05-14T10:59:25","modified_gmt":"2025-05-14T08:59:25","slug":"easy-set-cestus-boxhandschuhe-lace-converter","status":"publish","type":"product","link":"https:\/\/www.tuhorn.ch\/en\/product\/easy-set-cestus-boxhandschuhe-lace-converter\/","title":{"rendered":"Easy Set | Cestus Boxing Gloves &amp; Lace Converters"},"content":{"rendered":"","protected":false},"excerpt":{"rendered":"","protected":false},"featured_media":12543,"comment_status":"open","ping_status":"closed","template":"","meta":{"site-sidebar-layout":"no-sidebar","site-content-layout":"default","ast-site-content-layout":"default","site-content-style":"default","site-sidebar-style":"default","ast-global-header-display":"","ast-banner-title-visibility":"","ast-main-header-display":"","ast-hfb-above-header-display":"","ast-hfb-below-header-display":"","ast-hfb-mobile-header-display":"","site-post-title":"","ast-breadcrumbs-content":"","ast-featured-img":"","footer-sml-layout":"","ast-disable-related-posts":"","theme-transparent-header-meta":"default","adv-header-id-meta":"","stick-header-meta":"default","header-above-stick-meta":"","header-main-stick-meta":"","header-below-stick-meta":"","astra-migrate-meta-layouts":"set","ast-page-background-enabled":"default","ast-page-background-meta":{"desktop":{"background-color":"","background-image":"","background-repeat":"repeat","background-position":"center center","background-size":"auto","background-attachment":"scroll","background-type":"","background-media":"","overlay-type":"","overlay-color":"","overlay-opacity":"","overlay-gradient":""},"tablet":{"background-color":"","background-image":"","background-repeat":"repeat","background-position":"center center","background-size":"auto","background-attachment":"scroll","background-type":"","background-media":"","overlay-type":"","overlay-color":"","overlay-opacity":"","overlay-gradient":""},"mobile":{"background-color":"","background-image":"","background-repeat":"repeat","background-position":"center center","background-size":"auto","background-attachment":"scroll","background-type":"","background-media":"","overlay-type":"","overlay-color":"","overlay-opacity":"","overlay-gradient":""}},"ast-content-background-meta":{"desktop":{"background-color":"var(--ast-global-color-5)","background-image":"","background-repeat":"repeat","background-position":"center center","background-size":"auto","background-attachment":"scroll","background-type":"","background-media":"","overlay-type":"","overlay-color":"","overlay-opacity":"","overlay-gradient":""},"tablet":{"background-color":"var(--ast-global-color-5)","background-image":"","background-repeat":"repeat","background-position":"center center","background-size":"auto","background-attachment":"scroll","background-type":"","background-media":"","overlay-type":"","overlay-color":"","overlay-opacity":"","overlay-gradient":""},"mobile":{"background-color":"var(--ast-global-color-5)","background-image":"","background-repeat":"repeat","background-position":"center center","background-size":"auto","background-attachment":"scroll","background-type":"","background-media":"","overlay-type":"","overlay-color":"","overlay-opacity":"","overlay-gradient":""}}},"product_brand":[],"product_cat":[23,416,303],"product_tag":[],"class_list":{"0":"post-12533","1":"product","2":"type-product","3":"status-publish","4":"has-post-thumbnail","6":"product_cat-boxhandschuhe","7":"product_cat-handy-set","8":"product_cat-paketangebot","9":"desktop-align-left","10":"tablet-align-left","11":"mobile-align-left","12":"tm-no-options","14":"first","15":"instock","16":"sale","17":"taxable","18":"shipping-taxable","19":"purchasable","20":"product-type-composite"},"supplier_id":null,"supplier_sku":"","barcode":null,"atum_controlled":true,"out_stock_date":null,"out_stock_threshold":null,"inheritable":false,"inbound_stock":null,"stock_on_hold":0,"sold_today":0,"sales_last_days":0,"reserved_stock":null,"customer_returns":null,"warehouse_damage":null,"lost_in_post":null,"other_logs":null,"out_stock_days":0,"lost_sales":0,"has_location":false,"update_date":"2026-04-20T01:07:41","atum_locations":[],"atum_stock_status":"instock","restock_status":false,"low_stock_amount":"","sales_update_date":"2026-04-20T01:07:41","calc_backorders":null,"yoast_head":"<!-- This site is optimized with the Yoast SEO plugin v27.4 - https:\/\/yoast.com\/product\/yoast-seo-wordpress\/ -->\n<title>Swiss Fight Gear Brand - Tuhorn Sports - Set (Boxhandschuhe + Lace Converter)<\/title>\n<meta name=\"description\" content=\"Du kannst Kopfsch\u00fctz und Tiefschutz zu einem besseren Preis bekommen. Wir bieten nur Premium-Ausr\u00fcstung ohne Premium-Preis f\u00fcr echte K\u00e4mpfer.\" \/>\n<meta name=\"robots\" content=\"index, follow, max-snippet:-1, max-image-preview:large, max-video-preview:-1\" \/>\n<link rel=\"canonical\" href=\"https:\/\/www.tuhorn.ch\/en\/product\/easy-set-cestus-boxhandschuhe-lace-converter\/\" \/>\n<meta property=\"og:locale\" content=\"en_US\" \/>\n<meta property=\"og:type\" content=\"article\" \/>\n<meta property=\"og:title\" content=\"Swiss Fight Gear Brand - Tuhorn Sports - Set (Boxhandschuhe + Lace Converter)\" \/>\n<meta property=\"og:description\" content=\"Du kannst Kopfsch\u00fctz und Tiefschutz zu einem besseren Preis bekommen. Wir bieten nur Premium-Ausr\u00fcstung ohne Premium-Preis f\u00fcr echte K\u00e4mpfer.\" \/>\n<meta property=\"og:url\" content=\"https:\/\/www.tuhorn.ch\/en\/product\/easy-set-cestus-boxhandschuhe-lace-converter\/\" \/>\n<meta property=\"og:site_name\" content=\"Tuhorn Sports\" \/>\n<meta property=\"article:publisher\" content=\"https:\/\/www.facebook.com\/profile.php?id=100085949725353\" \/>\n<meta property=\"article:modified_time\" content=\"2025-05-14T08:59:25+00:00\" \/>\n<meta property=\"og:image\" content=\"https:\/\/www.tuhorn.ch\/wp-content\/uploads\/2024\/08\/CesLac-wht-1.webp\" \/>\n\t<meta property=\"og:image:width\" content=\"2006\" \/>\n\t<meta property=\"og:image:height\" content=\"2006\" \/>\n\t<meta property=\"og:image:type\" content=\"image\/webp\" \/>\n<meta name=\"twitter:card\" content=\"summary_large_image\" \/>\n<script type=\"application\/ld+json\" class=\"yoast-schema-graph\">{\"@context\":\"https:\\\/\\\/schema.org\",\"@graph\":[{\"@type\":\"WebPage\",\"@id\":\"https:\\\/\\\/www.tuhorn.ch\\\/produkt\\\/easy-set-cestus-boxhandschuhe-lace-converter\\\/\",\"url\":\"https:\\\/\\\/www.tuhorn.ch\\\/produkt\\\/easy-set-cestus-boxhandschuhe-lace-converter\\\/\",\"name\":\"Swiss Fight Gear Brand - Tuhorn Sports - Set (Boxhandschuhe + Lace Converter)\",\"isPartOf\":{\"@id\":\"https:\\\/\\\/www.tuhorn.ch\\\/#website\"},\"primaryImageOfPage\":{\"@id\":\"https:\\\/\\\/www.tuhorn.ch\\\/produkt\\\/easy-set-cestus-boxhandschuhe-lace-converter\\\/#primaryimage\"},\"image\":{\"@id\":\"https:\\\/\\\/www.tuhorn.ch\\\/produkt\\\/easy-set-cestus-boxhandschuhe-lace-converter\\\/#primaryimage\"},\"thumbnailUrl\":\"https:\\\/\\\/www.tuhorn.ch\\\/wp-content\\\/uploads\\\/2024\\\/08\\\/CesLac-wht-1.webp\",\"datePublished\":\"2024-08-16T13:15:25+00:00\",\"dateModified\":\"2025-05-14T08:59:25+00:00\",\"description\":\"Du kannst Kopfsch\u00fctz und Tiefschutz zu einem besseren Preis bekommen. Wir bieten nur Premium-Ausr\u00fcstung ohne Premium-Preis f\u00fcr echte K\u00e4mpfer.\",\"breadcrumb\":{\"@id\":\"https:\\\/\\\/www.tuhorn.ch\\\/produkt\\\/easy-set-cestus-boxhandschuhe-lace-converter\\\/#breadcrumb\"},\"inLanguage\":\"en-US\",\"potentialAction\":[{\"@type\":\"ReadAction\",\"target\":[\"https:\\\/\\\/www.tuhorn.ch\\\/produkt\\\/easy-set-cestus-boxhandschuhe-lace-converter\\\/\"]}]},{\"@type\":\"ImageObject\",\"inLanguage\":\"en-US\",\"@id\":\"https:\\\/\\\/www.tuhorn.ch\\\/produkt\\\/easy-set-cestus-boxhandschuhe-lace-converter\\\/#primaryimage\",\"url\":\"https:\\\/\\\/www.tuhorn.ch\\\/wp-content\\\/uploads\\\/2024\\\/08\\\/CesLac-wht-1.webp\",\"contentUrl\":\"https:\\\/\\\/www.tuhorn.ch\\\/wp-content\\\/uploads\\\/2024\\\/08\\\/CesLac-wht-1.webp\",\"width\":2006,\"height\":2006},{\"@type\":\"BreadcrumbList\",\"@id\":\"https:\\\/\\\/www.tuhorn.ch\\\/produkt\\\/easy-set-cestus-boxhandschuhe-lace-converter\\\/#breadcrumb\",\"itemListElement\":[{\"@type\":\"ListItem\",\"position\":1,\"name\":\"Home\",\"item\":\"https:\\\/\\\/www.tuhorn.ch\\\/\"},{\"@type\":\"ListItem\",\"position\":2,\"name\":\"Store\",\"item\":\"https:\\\/\\\/www.tuhorn.ch\\\/store\\\/\"},{\"@type\":\"ListItem\",\"position\":3,\"name\":\"Easy Set | Cestus Boxhandschuhe &#038; Lace Converter\"}]},{\"@type\":\"WebSite\",\"@id\":\"https:\\\/\\\/www.tuhorn.ch\\\/#website\",\"url\":\"https:\\\/\\\/www.tuhorn.ch\\\/\",\"name\":\"Best Boxing equipment - Tuhorn Sports\",\"description\":\"Premium-Ausr\u00fcstung ohne Premium-Preis\",\"publisher\":{\"@id\":\"https:\\\/\\\/www.tuhorn.ch\\\/#organization\"},\"alternateName\":\"Tuhorn\",\"potentialAction\":[{\"@type\":\"SearchAction\",\"target\":{\"@type\":\"EntryPoint\",\"urlTemplate\":\"https:\\\/\\\/www.tuhorn.ch\\\/?s={search_term_string}\"},\"query-input\":{\"@type\":\"PropertyValueSpecification\",\"valueRequired\":true,\"valueName\":\"search_term_string\"}}],\"inLanguage\":\"en-US\"},{\"@type\":\"Organization\",\"@id\":\"https:\\\/\\\/www.tuhorn.ch\\\/#organization\",\"name\":\"Tuhorn Sports\",\"alternateName\":\"Tuhron\",\"url\":\"https:\\\/\\\/www.tuhorn.ch\\\/\",\"logo\":{\"@type\":\"ImageObject\",\"inLanguage\":\"en-US\",\"@id\":\"https:\\\/\\\/www.tuhorn.ch\\\/#\\\/schema\\\/logo\\\/image\\\/\",\"url\":\"https:\\\/\\\/www.tuhorn.ch\\\/wp-content\\\/uploads\\\/2022\\\/11\\\/Tuhorn-full-logo-jpg.jpg\",\"contentUrl\":\"https:\\\/\\\/www.tuhorn.ch\\\/wp-content\\\/uploads\\\/2022\\\/11\\\/Tuhorn-full-logo-jpg.jpg\",\"width\":1200,\"height\":800,\"caption\":\"Tuhorn Sports\"},\"image\":{\"@id\":\"https:\\\/\\\/www.tuhorn.ch\\\/#\\\/schema\\\/logo\\\/image\\\/\"},\"sameAs\":[\"https:\\\/\\\/www.facebook.com\\\/profile.php?id=100085949725353\",\"https:\\\/\\\/www.instagram.com\\\/tuhornsports\\\/\",\"https:\\\/\\\/www.tiktok.com\\\/@tuhorn\"]}]}<\/script>\n<!-- \/ Yoast SEO plugin. -->","yoast_head_json":{"title":"Swiss Fight Gear Brand - Tuhorn Sports - Set (Boxhandschuhe + Lace Converter)","description":"Du kannst Kopfsch\u00fctz und Tiefschutz zu einem besseren Preis bekommen. Wir bieten nur Premium-Ausr\u00fcstung ohne Premium-Preis f\u00fcr echte K\u00e4mpfer.","robots":{"index":"index","follow":"follow","max-snippet":"max-snippet:-1","max-image-preview":"max-image-preview:large","max-video-preview":"max-video-preview:-1"},"canonical":"https:\/\/www.tuhorn.ch\/en\/product\/easy-set-cestus-boxhandschuhe-lace-converter\/","og_locale":"en_US","og_type":"article","og_title":"Swiss Fight Gear Brand - Tuhorn Sports - Set (Boxhandschuhe + Lace Converter)","og_description":"Du kannst Kopfsch\u00fctz und Tiefschutz zu einem besseren Preis bekommen. Wir bieten nur Premium-Ausr\u00fcstung ohne Premium-Preis f\u00fcr echte K\u00e4mpfer.","og_url":"https:\/\/www.tuhorn.ch\/en\/product\/easy-set-cestus-boxhandschuhe-lace-converter\/","og_site_name":"Tuhorn Sports","article_publisher":"https:\/\/www.facebook.com\/profile.php?id=100085949725353","article_modified_time":"2025-05-14T08:59:25+00:00","og_image":[{"width":2006,"height":2006,"url":"https:\/\/www.tuhorn.ch\/wp-content\/uploads\/2024\/08\/CesLac-wht-1.webp","type":"image\/webp"}],"twitter_card":"summary_large_image","schema":{"@context":"https:\/\/schema.org","@graph":[{"@type":"WebPage","@id":"https:\/\/www.tuhorn.ch\/produkt\/easy-set-cestus-boxhandschuhe-lace-converter\/","url":"https:\/\/www.tuhorn.ch\/produkt\/easy-set-cestus-boxhandschuhe-lace-converter\/","name":"Swiss Fight Gear Brand - Tuhorn Sports - Set (Boxhandschuhe + Lace Converter)","isPartOf":{"@id":"https:\/\/www.tuhorn.ch\/#website"},"primaryImageOfPage":{"@id":"https:\/\/www.tuhorn.ch\/produkt\/easy-set-cestus-boxhandschuhe-lace-converter\/#primaryimage"},"image":{"@id":"https:\/\/www.tuhorn.ch\/produkt\/easy-set-cestus-boxhandschuhe-lace-converter\/#primaryimage"},"thumbnailUrl":"https:\/\/www.tuhorn.ch\/wp-content\/uploads\/2024\/08\/CesLac-wht-1.webp","datePublished":"2024-08-16T13:15:25+00:00","dateModified":"2025-05-14T08:59:25+00:00","description":"Du kannst Kopfsch\u00fctz und Tiefschutz zu einem besseren Preis bekommen. Wir bieten nur Premium-Ausr\u00fcstung ohne Premium-Preis f\u00fcr echte K\u00e4mpfer.","breadcrumb":{"@id":"https:\/\/www.tuhorn.ch\/produkt\/easy-set-cestus-boxhandschuhe-lace-converter\/#breadcrumb"},"inLanguage":"en-US","potentialAction":[{"@type":"ReadAction","target":["https:\/\/www.tuhorn.ch\/produkt\/easy-set-cestus-boxhandschuhe-lace-converter\/"]}]},{"@type":"ImageObject","inLanguage":"en-US","@id":"https:\/\/www.tuhorn.ch\/produkt\/easy-set-cestus-boxhandschuhe-lace-converter\/#primaryimage","url":"https:\/\/www.tuhorn.ch\/wp-content\/uploads\/2024\/08\/CesLac-wht-1.webp","contentUrl":"https:\/\/www.tuhorn.ch\/wp-content\/uploads\/2024\/08\/CesLac-wht-1.webp","width":2006,"height":2006},{"@type":"BreadcrumbList","@id":"https:\/\/www.tuhorn.ch\/produkt\/easy-set-cestus-boxhandschuhe-lace-converter\/#breadcrumb","itemListElement":[{"@type":"ListItem","position":1,"name":"Home","item":"https:\/\/www.tuhorn.ch\/"},{"@type":"ListItem","position":2,"name":"Store","item":"https:\/\/www.tuhorn.ch\/store\/"},{"@type":"ListItem","position":3,"name":"Easy Set | Cestus Boxhandschuhe &#038; Lace Converter"}]},{"@type":"WebSite","@id":"https:\/\/www.tuhorn.ch\/#website","url":"https:\/\/www.tuhorn.ch\/","name":"Best Boxing equipment - Tuhorn Sports","description":"Premium Gear Without the Premium Price","publisher":{"@id":"https:\/\/www.tuhorn.ch\/#organization"},"alternateName":"Tuhorn","potentialAction":[{"@type":"SearchAction","target":{"@type":"EntryPoint","urlTemplate":"https:\/\/www.tuhorn.ch\/?s={search_term_string}"},"query-input":{"@type":"PropertyValueSpecification","valueRequired":true,"valueName":"search_term_string"}}],"inLanguage":"en-US"},{"@type":"Organization","@id":"https:\/\/www.tuhorn.ch\/#organization","name":"Tuhorn Sports","alternateName":"Tuhron","url":"https:\/\/www.tuhorn.ch\/","logo":{"@type":"ImageObject","inLanguage":"en-US","@id":"https:\/\/www.tuhorn.ch\/#\/schema\/logo\/image\/","url":"https:\/\/www.tuhorn.ch\/wp-content\/uploads\/2022\/11\/Tuhorn-full-logo-jpg.jpg","contentUrl":"https:\/\/www.tuhorn.ch\/wp-content\/uploads\/2022\/11\/Tuhorn-full-logo-jpg.jpg","width":1200,"height":800,"caption":"Tuhorn Sports"},"image":{"@id":"https:\/\/www.tuhorn.ch\/#\/schema\/logo\/image\/"},"sameAs":["https:\/\/www.facebook.com\/profile.php?id=100085949725353","https:\/\/www.instagram.com\/tuhornsports\/","https:\/\/www.tiktok.com\/@tuhorn"]}]}},"_links":{"self":[{"href":"https:\/\/www.tuhorn.ch\/en\/wp-json\/wp\/v2\/product\/12533","targetHints":{"allow":["GET"]}}],"collection":[{"href":"https:\/\/www.tuhorn.ch\/en\/wp-json\/wp\/v2\/product"}],"about":[{"href":"https:\/\/www.tuhorn.ch\/en\/wp-json\/wp\/v2\/types\/product"}],"replies":[{"embeddable":true,"href":"https:\/\/www.tuhorn.ch\/en\/wp-json\/wp\/v2\/comments?post=12533"}],"version-history":[{"count":0,"href":"https:\/\/www.tuhorn.ch\/en\/wp-json\/wp\/v2\/product\/12533\/revisions"}],"wp:featuredmedia":[{"embeddable":true,"href":"https:\/\/www.tuhorn.ch\/en\/wp-json\/wp\/v2\/media\/12543"}],"wp:attachment":[{"href":"https:\/\/www.tuhorn.ch\/en\/wp-json\/wp\/v2\/media?parent=12533"}],"wp:term":[{"taxonomy":"product_brand","embeddable":true,"href":"https:\/\/www.tuhorn.ch\/en\/wp-json\/wp\/v2\/product_brand?post=12533"},{"taxonomy":"product_cat","embeddable":true,"href":"https:\/\/www.tuhorn.ch\/en\/wp-json\/wp\/v2\/product_cat?post=12533"},{"taxonomy":"product_tag","embeddable":true,"href":"https:\/\/www.tuhorn.ch\/en\/wp-json\/wp\/v2\/product_tag?post=12533"}],"curies":[{"name":"wp","href":"https:\/\/api.w.org\/{rel}","templated":true}]}}