{"id":10757,"date":"2024-03-21T09:57:58","date_gmt":"2024-03-21T08:57:58","guid":{"rendered":"https:\/\/www.tuhorn.ch\/?post_type=product&#038;p=10757"},"modified":"2026-03-20T22:33:43","modified_gmt":"2026-03-20T21:33:43","slug":"tuhorn-cestus-boxhandschuhe-schwarz-rot","status":"publish","type":"product","link":"https:\/\/www.tuhorn.ch\/en\/product\/tuhorn-cestus-boxhandschuhe-schwarz-rot\/","title":{"rendered":"Cestus Boxing Gloves Black\/Red"},"content":{"rendered":"<p>Erlebe Tuhorns Premium-Leder-Schn\u00fcrboxhandschuhe. Erh\u00e4ltlich in den Gr\u00f6ssen 12, 14 und 16 Unzen. 50 Tage Geld-zur\u00fcck-Garantie.<\/p>","protected":false},"excerpt":{"rendered":"<p>Erlebe Tuhorns Premium-Leder-Schn\u00fcrboxhandschuhe. Erh\u00e4ltlich in den Gr\u00f6ssen 12, 14 und 16 Unzen. 50 Tage Geld-zur\u00fcck-Garantie.<\/p>","protected":false},"featured_media":10762,"comment_status":"open","ping_status":"closed","template":"","meta":{"site-sidebar-layout":"default","site-content-layout":"","ast-site-content-layout":"default","site-content-style":"default","site-sidebar-style":"default","ast-global-header-display":"","ast-banner-title-visibility":"","ast-main-header-display":"","ast-hfb-above-header-display":"","ast-hfb-below-header-display":"","ast-hfb-mobile-header-display":"","site-post-title":"","ast-breadcrumbs-content":"","ast-featured-img":"","footer-sml-layout":"","ast-disable-related-posts":"","theme-transparent-header-meta":"default","adv-header-id-meta":"","stick-header-meta":"default","header-above-stick-meta":"","header-main-stick-meta":"","header-below-stick-meta":"","astra-migrate-meta-layouts":"set","ast-page-background-enabled":"default","ast-page-background-meta":{"desktop":{"background-color":"","background-image":"","background-repeat":"repeat","background-position":"center center","background-size":"auto","background-attachment":"scroll","background-type":"","background-media":"","overlay-type":"","overlay-color":"","overlay-opacity":"","overlay-gradient":""},"tablet":{"background-color":"","background-image":"","background-repeat":"repeat","background-position":"center center","background-size":"auto","background-attachment":"scroll","background-type":"","background-media":"","overlay-type":"","overlay-color":"","overlay-opacity":"","overlay-gradient":""},"mobile":{"background-color":"","background-image":"","background-repeat":"repeat","background-position":"center center","background-size":"auto","background-attachment":"scroll","background-type":"","background-media":"","overlay-type":"","overlay-color":"","overlay-opacity":"","overlay-gradient":""}},"ast-content-background-meta":{"desktop":{"background-color":"var(--ast-global-color-5)","background-image":"","background-repeat":"repeat","background-position":"center center","background-size":"auto","background-attachment":"scroll","background-type":"","background-media":"","overlay-type":"","overlay-color":"","overlay-opacity":"","overlay-gradient":""},"tablet":{"background-color":"var(--ast-global-color-5)","background-image":"","background-repeat":"repeat","background-position":"center center","background-size":"auto","background-attachment":"scroll","background-type":"","background-media":"","overlay-type":"","overlay-color":"","overlay-opacity":"","overlay-gradient":""},"mobile":{"background-color":"var(--ast-global-color-5)","background-image":"","background-repeat":"repeat","background-position":"center center","background-size":"auto","background-attachment":"scroll","background-type":"","background-media":"","overlay-type":"","overlay-color":"","overlay-opacity":"","overlay-gradient":""}}},"product_brand":[],"product_cat":[23,330],"product_tag":[62,339,63,332,334,333,335,336,337,340,338],"class_list":{"0":"post-10757","1":"product","2":"type-product","3":"status-publish","4":"has-post-thumbnail","6":"product_cat-boxhandschuhe","7":"product_cat-cestus","8":"product_tag-boxhandschuhe","9":"product_tag-boxhandschuhe-mit-schnueren","10":"product_tag-boxing-gloves","11":"product_tag-echt-leder","12":"product_tag-leather-boxing-gloves","13":"product_tag-leder-boxhandschuhe","14":"product_tag-premium-boxing-gloves","15":"product_tag-premium-leather-boxing-gloves","16":"product_tag-premium-leder","17":"product_tag-schnuerboxhandschuhe","18":"product_tag-schwarz-rot-boxhandschuhe","19":"pa_size-12-oz","20":"pa_size-14-oz","21":"pa_size-16-oz","22":"desktop-align-left","23":"tablet-align-left","24":"mobile-align-left","25":"tm-no-options","27":"first","28":"instock","29":"taxable","30":"shipping-taxable","31":"purchasable","32":"product-type-variable","33":"wvs-archive-product-wrapper"},"supplier_id":null,"supplier_sku":"","barcode":null,"atum_controlled":true,"out_stock_date":null,"out_stock_threshold":null,"inheritable":true,"inbound_stock":0,"stock_on_hold":0,"sold_today":0,"sales_last_days":0,"reserved_stock":0,"customer_returns":0,"warehouse_damage":0,"lost_in_post":0,"other_logs":0,"out_stock_days":0,"lost_sales":0,"has_location":false,"update_date":"2026-04-20T01:07:44","atum_locations":[],"atum_stock_status":"instock","restock_status":false,"low_stock_amount":"","sales_update_date":"2026-04-20T01:07:44","calc_backorders":null,"yoast_head":"<!-- This site is optimized with the Yoast SEO plugin v27.4 - https:\/\/yoast.com\/product\/yoast-seo-wordpress\/ -->\n<title>Cestus Schn\u00fcrboxhandschuhe - Swiss Fight Gear Brand [Tuhorn]<\/title>\n<meta name=\"description\" content=\"Schneller Versand. 50 Tage Geld-zur\u00fcck-Garantie. 1 Jahr Produktgarantie. Erlebe Tuhorns Premium-Leder-Schn\u00fcrboxhandschuhe Cestus.\" \/>\n<meta name=\"robots\" content=\"index, follow, max-snippet:-1, max-image-preview:large, max-video-preview:-1\" \/>\n<link rel=\"canonical\" href=\"https:\/\/www.tuhorn.ch\/en\/product\/tuhorn-cestus-boxhandschuhe-schwarz-rot\/\" \/>\n<meta property=\"og:locale\" content=\"en_US\" \/>\n<meta property=\"og:type\" content=\"article\" \/>\n<meta property=\"og:title\" content=\"Cestus Schn\u00fcrboxhandschuhe - Swiss Fight Gear Brand [Tuhorn]\" \/>\n<meta property=\"og:description\" content=\"Schneller Versand. 50 Tage Geld-zur\u00fcck-Garantie. 1 Jahr Produktgarantie. Erlebe Tuhorns Premium-Leder-Schn\u00fcrboxhandschuhe Cestus.\" \/>\n<meta property=\"og:url\" content=\"https:\/\/www.tuhorn.ch\/en\/product\/tuhorn-cestus-boxhandschuhe-schwarz-rot\/\" \/>\n<meta property=\"og:site_name\" content=\"Tuhorn Sports\" \/>\n<meta property=\"article:publisher\" content=\"https:\/\/www.facebook.com\/profile.php?id=100085949725353\" \/>\n<meta property=\"article:modified_time\" content=\"2026-03-20T21:33:43+00:00\" \/>\n<meta property=\"og:image\" content=\"https:\/\/www.tuhorn.ch\/wp-content\/uploads\/2024\/03\/Cestus-1-scaled.jpg\" \/>\n\t<meta property=\"og:image:width\" content=\"2560\" \/>\n\t<meta property=\"og:image:height\" content=\"2560\" \/>\n\t<meta property=\"og:image:type\" content=\"image\/jpeg\" \/>\n<meta name=\"twitter:card\" content=\"summary_large_image\" \/>\n<script type=\"application\/ld+json\" class=\"yoast-schema-graph\">{\"@context\":\"https:\\\/\\\/schema.org\",\"@graph\":[{\"@type\":\"WebPage\",\"@id\":\"https:\\\/\\\/www.tuhorn.ch\\\/produkt\\\/tuhorn-cestus-boxhandschuhe-schwarz-rot\\\/\",\"url\":\"https:\\\/\\\/www.tuhorn.ch\\\/produkt\\\/tuhorn-cestus-boxhandschuhe-schwarz-rot\\\/\",\"name\":\"Cestus Schn\u00fcrboxhandschuhe - Swiss Fight Gear Brand [Tuhorn]\",\"isPartOf\":{\"@id\":\"https:\\\/\\\/www.tuhorn.ch\\\/#website\"},\"primaryImageOfPage\":{\"@id\":\"https:\\\/\\\/www.tuhorn.ch\\\/produkt\\\/tuhorn-cestus-boxhandschuhe-schwarz-rot\\\/#primaryimage\"},\"image\":{\"@id\":\"https:\\\/\\\/www.tuhorn.ch\\\/produkt\\\/tuhorn-cestus-boxhandschuhe-schwarz-rot\\\/#primaryimage\"},\"thumbnailUrl\":\"https:\\\/\\\/www.tuhorn.ch\\\/wp-content\\\/uploads\\\/2024\\\/03\\\/Cestus-1-scaled.jpg\",\"datePublished\":\"2024-03-21T08:57:58+00:00\",\"dateModified\":\"2026-03-20T21:33:43+00:00\",\"description\":\"Schneller Versand. 50 Tage Geld-zur\u00fcck-Garantie. 1 Jahr Produktgarantie. Erlebe Tuhorns Premium-Leder-Schn\u00fcrboxhandschuhe Cestus.\",\"breadcrumb\":{\"@id\":\"https:\\\/\\\/www.tuhorn.ch\\\/produkt\\\/tuhorn-cestus-boxhandschuhe-schwarz-rot\\\/#breadcrumb\"},\"inLanguage\":\"en-US\",\"potentialAction\":[{\"@type\":\"ReadAction\",\"target\":[\"https:\\\/\\\/www.tuhorn.ch\\\/produkt\\\/tuhorn-cestus-boxhandschuhe-schwarz-rot\\\/\"]}]},{\"@type\":\"ImageObject\",\"inLanguage\":\"en-US\",\"@id\":\"https:\\\/\\\/www.tuhorn.ch\\\/produkt\\\/tuhorn-cestus-boxhandschuhe-schwarz-rot\\\/#primaryimage\",\"url\":\"https:\\\/\\\/www.tuhorn.ch\\\/wp-content\\\/uploads\\\/2024\\\/03\\\/Cestus-1-scaled.jpg\",\"contentUrl\":\"https:\\\/\\\/www.tuhorn.ch\\\/wp-content\\\/uploads\\\/2024\\\/03\\\/Cestus-1-scaled.jpg\",\"width\":2560,\"height\":2560},{\"@type\":\"BreadcrumbList\",\"@id\":\"https:\\\/\\\/www.tuhorn.ch\\\/produkt\\\/tuhorn-cestus-boxhandschuhe-schwarz-rot\\\/#breadcrumb\",\"itemListElement\":[{\"@type\":\"ListItem\",\"position\":1,\"name\":\"Home\",\"item\":\"https:\\\/\\\/www.tuhorn.ch\\\/\"},{\"@type\":\"ListItem\",\"position\":2,\"name\":\"Store\",\"item\":\"https:\\\/\\\/www.tuhorn.ch\\\/store\\\/\"},{\"@type\":\"ListItem\",\"position\":3,\"name\":\"Cestus Boxhandschuhe Schwarz\\\/Rot\"}]},{\"@type\":\"WebSite\",\"@id\":\"https:\\\/\\\/www.tuhorn.ch\\\/#website\",\"url\":\"https:\\\/\\\/www.tuhorn.ch\\\/\",\"name\":\"Best Boxing equipment - Tuhorn Sports\",\"description\":\"Premium-Ausr\u00fcstung ohne Premium-Preis\",\"publisher\":{\"@id\":\"https:\\\/\\\/www.tuhorn.ch\\\/#organization\"},\"alternateName\":\"Tuhorn\",\"potentialAction\":[{\"@type\":\"SearchAction\",\"target\":{\"@type\":\"EntryPoint\",\"urlTemplate\":\"https:\\\/\\\/www.tuhorn.ch\\\/?s={search_term_string}\"},\"query-input\":{\"@type\":\"PropertyValueSpecification\",\"valueRequired\":true,\"valueName\":\"search_term_string\"}}],\"inLanguage\":\"en-US\"},{\"@type\":\"Organization\",\"@id\":\"https:\\\/\\\/www.tuhorn.ch\\\/#organization\",\"name\":\"Tuhorn Sports\",\"alternateName\":\"Tuhron\",\"url\":\"https:\\\/\\\/www.tuhorn.ch\\\/\",\"logo\":{\"@type\":\"ImageObject\",\"inLanguage\":\"en-US\",\"@id\":\"https:\\\/\\\/www.tuhorn.ch\\\/#\\\/schema\\\/logo\\\/image\\\/\",\"url\":\"https:\\\/\\\/www.tuhorn.ch\\\/wp-content\\\/uploads\\\/2022\\\/11\\\/Tuhorn-full-logo-jpg.jpg\",\"contentUrl\":\"https:\\\/\\\/www.tuhorn.ch\\\/wp-content\\\/uploads\\\/2022\\\/11\\\/Tuhorn-full-logo-jpg.jpg\",\"width\":1200,\"height\":800,\"caption\":\"Tuhorn Sports\"},\"image\":{\"@id\":\"https:\\\/\\\/www.tuhorn.ch\\\/#\\\/schema\\\/logo\\\/image\\\/\"},\"sameAs\":[\"https:\\\/\\\/www.facebook.com\\\/profile.php?id=100085949725353\",\"https:\\\/\\\/www.instagram.com\\\/tuhornsports\\\/\",\"https:\\\/\\\/www.tiktok.com\\\/@tuhorn\"]}]}<\/script>\n<!-- \/ Yoast SEO plugin. -->","yoast_head_json":{"title":"Cestus Schn\u00fcrboxhandschuhe - Swiss Fight Gear Brand [Tuhorn]","description":"Schneller Versand. 50 Tage Geld-zur\u00fcck-Garantie. 1 Jahr Produktgarantie. Erlebe Tuhorns Premium-Leder-Schn\u00fcrboxhandschuhe Cestus.","robots":{"index":"index","follow":"follow","max-snippet":"max-snippet:-1","max-image-preview":"max-image-preview:large","max-video-preview":"max-video-preview:-1"},"canonical":"https:\/\/www.tuhorn.ch\/en\/product\/tuhorn-cestus-boxhandschuhe-schwarz-rot\/","og_locale":"en_US","og_type":"article","og_title":"Cestus Schn\u00fcrboxhandschuhe - Swiss Fight Gear Brand [Tuhorn]","og_description":"Schneller Versand. 50 Tage Geld-zur\u00fcck-Garantie. 1 Jahr Produktgarantie. Erlebe Tuhorns Premium-Leder-Schn\u00fcrboxhandschuhe Cestus.","og_url":"https:\/\/www.tuhorn.ch\/en\/product\/tuhorn-cestus-boxhandschuhe-schwarz-rot\/","og_site_name":"Tuhorn Sports","article_publisher":"https:\/\/www.facebook.com\/profile.php?id=100085949725353","article_modified_time":"2026-03-20T21:33:43+00:00","og_image":[{"width":2560,"height":2560,"url":"https:\/\/www.tuhorn.ch\/wp-content\/uploads\/2024\/03\/Cestus-1-scaled.jpg","type":"image\/jpeg"}],"twitter_card":"summary_large_image","schema":{"@context":"https:\/\/schema.org","@graph":[{"@type":"WebPage","@id":"https:\/\/www.tuhorn.ch\/produkt\/tuhorn-cestus-boxhandschuhe-schwarz-rot\/","url":"https:\/\/www.tuhorn.ch\/produkt\/tuhorn-cestus-boxhandschuhe-schwarz-rot\/","name":"Cestus Schn\u00fcrboxhandschuhe - Swiss Fight Gear Brand [Tuhorn]","isPartOf":{"@id":"https:\/\/www.tuhorn.ch\/#website"},"primaryImageOfPage":{"@id":"https:\/\/www.tuhorn.ch\/produkt\/tuhorn-cestus-boxhandschuhe-schwarz-rot\/#primaryimage"},"image":{"@id":"https:\/\/www.tuhorn.ch\/produkt\/tuhorn-cestus-boxhandschuhe-schwarz-rot\/#primaryimage"},"thumbnailUrl":"https:\/\/www.tuhorn.ch\/wp-content\/uploads\/2024\/03\/Cestus-1-scaled.jpg","datePublished":"2024-03-21T08:57:58+00:00","dateModified":"2026-03-20T21:33:43+00:00","description":"Schneller Versand. 50 Tage Geld-zur\u00fcck-Garantie. 1 Jahr Produktgarantie. Erlebe Tuhorns Premium-Leder-Schn\u00fcrboxhandschuhe Cestus.","breadcrumb":{"@id":"https:\/\/www.tuhorn.ch\/produkt\/tuhorn-cestus-boxhandschuhe-schwarz-rot\/#breadcrumb"},"inLanguage":"en-US","potentialAction":[{"@type":"ReadAction","target":["https:\/\/www.tuhorn.ch\/produkt\/tuhorn-cestus-boxhandschuhe-schwarz-rot\/"]}]},{"@type":"ImageObject","inLanguage":"en-US","@id":"https:\/\/www.tuhorn.ch\/produkt\/tuhorn-cestus-boxhandschuhe-schwarz-rot\/#primaryimage","url":"https:\/\/www.tuhorn.ch\/wp-content\/uploads\/2024\/03\/Cestus-1-scaled.jpg","contentUrl":"https:\/\/www.tuhorn.ch\/wp-content\/uploads\/2024\/03\/Cestus-1-scaled.jpg","width":2560,"height":2560},{"@type":"BreadcrumbList","@id":"https:\/\/www.tuhorn.ch\/produkt\/tuhorn-cestus-boxhandschuhe-schwarz-rot\/#breadcrumb","itemListElement":[{"@type":"ListItem","position":1,"name":"Home","item":"https:\/\/www.tuhorn.ch\/"},{"@type":"ListItem","position":2,"name":"Store","item":"https:\/\/www.tuhorn.ch\/store\/"},{"@type":"ListItem","position":3,"name":"Cestus Boxhandschuhe Schwarz\/Rot"}]},{"@type":"WebSite","@id":"https:\/\/www.tuhorn.ch\/#website","url":"https:\/\/www.tuhorn.ch\/","name":"Best Boxing equipment - Tuhorn Sports","description":"Premium Gear Without the Premium Price","publisher":{"@id":"https:\/\/www.tuhorn.ch\/#organization"},"alternateName":"Tuhorn","potentialAction":[{"@type":"SearchAction","target":{"@type":"EntryPoint","urlTemplate":"https:\/\/www.tuhorn.ch\/?s={search_term_string}"},"query-input":{"@type":"PropertyValueSpecification","valueRequired":true,"valueName":"search_term_string"}}],"inLanguage":"en-US"},{"@type":"Organization","@id":"https:\/\/www.tuhorn.ch\/#organization","name":"Tuhorn Sports","alternateName":"Tuhron","url":"https:\/\/www.tuhorn.ch\/","logo":{"@type":"ImageObject","inLanguage":"en-US","@id":"https:\/\/www.tuhorn.ch\/#\/schema\/logo\/image\/","url":"https:\/\/www.tuhorn.ch\/wp-content\/uploads\/2022\/11\/Tuhorn-full-logo-jpg.jpg","contentUrl":"https:\/\/www.tuhorn.ch\/wp-content\/uploads\/2022\/11\/Tuhorn-full-logo-jpg.jpg","width":1200,"height":800,"caption":"Tuhorn Sports"},"image":{"@id":"https:\/\/www.tuhorn.ch\/#\/schema\/logo\/image\/"},"sameAs":["https:\/\/www.facebook.com\/profile.php?id=100085949725353","https:\/\/www.instagram.com\/tuhornsports\/","https:\/\/www.tiktok.com\/@tuhorn"]}]}},"_links":{"self":[{"href":"https:\/\/www.tuhorn.ch\/en\/wp-json\/wp\/v2\/product\/10757","targetHints":{"allow":["GET"]}}],"collection":[{"href":"https:\/\/www.tuhorn.ch\/en\/wp-json\/wp\/v2\/product"}],"about":[{"href":"https:\/\/www.tuhorn.ch\/en\/wp-json\/wp\/v2\/types\/product"}],"replies":[{"embeddable":true,"href":"https:\/\/www.tuhorn.ch\/en\/wp-json\/wp\/v2\/comments?post=10757"}],"version-history":[{"count":0,"href":"https:\/\/www.tuhorn.ch\/en\/wp-json\/wp\/v2\/product\/10757\/revisions"}],"wp:featuredmedia":[{"embeddable":true,"href":"https:\/\/www.tuhorn.ch\/en\/wp-json\/wp\/v2\/media\/10762"}],"wp:attachment":[{"href":"https:\/\/www.tuhorn.ch\/en\/wp-json\/wp\/v2\/media?parent=10757"}],"wp:term":[{"taxonomy":"product_brand","embeddable":true,"href":"https:\/\/www.tuhorn.ch\/en\/wp-json\/wp\/v2\/product_brand?post=10757"},{"taxonomy":"product_cat","embeddable":true,"href":"https:\/\/www.tuhorn.ch\/en\/wp-json\/wp\/v2\/product_cat?post=10757"},{"taxonomy":"product_tag","embeddable":true,"href":"https:\/\/www.tuhorn.ch\/en\/wp-json\/wp\/v2\/product_tag?post=10757"}],"curies":[{"name":"wp","href":"https:\/\/api.w.org\/{rel}","templated":true}]}}