{"id":8553,"date":"2023-03-24T22:13:11","date_gmt":"2023-03-24T22:13:11","guid":{"rendered":"https:\/\/www.tuhorn.ch\/?page_id=8553"},"modified":"2023-03-24T22:17:41","modified_gmt":"2023-03-24T22:17:41","slug":"datenschutzerklaerung","status":"publish","type":"page","link":"https:\/\/www.tuhorn.ch\/en\/datenschutzerklaerung\/","title":{"rendered":"Privacy Policy"},"content":{"rendered":"<div data-elementor-type=\"wp-page\" data-elementor-id=\"8553\" class=\"elementor elementor-8553\" data-elementor-post-type=\"page\">\n\t\t\t\t\t\t<section class=\"elementor-section elementor-top-section elementor-element elementor-element-3b65b5e elementor-section-boxed elementor-section-height-default elementor-section-height-default\" data-id=\"3b65b5e\" data-element_type=\"section\" data-e-type=\"section\">\n\t\t\t\t\t\t<div class=\"elementor-container elementor-column-gap-default\">\n\t\t\t\t\t<div class=\"elementor-column elementor-col-100 elementor-top-column elementor-element elementor-element-e1622e8\" data-id=\"e1622e8\" data-element_type=\"column\" data-e-type=\"column\">\n\t\t\t<div class=\"elementor-widget-wrap elementor-element-populated\">\n\t\t\t\t\t\t<div class=\"elementor-element elementor-element-0f3f167 elementor-widget elementor-widget-text-editor\" data-id=\"0f3f167\" data-element_type=\"widget\" data-e-type=\"widget\" data-widget_type=\"text-editor.default\">\n\t\t\t\t<div class=\"elementor-widget-container\">\n\t\t\t\t\t\t\t\t\t<h3><strong>Privacy Policy<\/strong><\/h3><p>Nach Grundverordnung (DSGVO) der EU<\/p><h5><strong>HERZLICH WILLKOMMEN AUF UNSERER WEBSEITE!<\/strong><\/h5><p>Wir legen gr\u00f6\u00dften Wert auf den Schutz Ihrer Daten und die Wahrung Ihrer Privatsph\u00e4re. Nachstehend informieren wir Sie deshalb \u00fcber die Erhebung und Verwendung pers\u00f6nlicher Daten bei Nutzung unserer Webseite.<\/p><h5><strong>Anonyme Datenerhebung<\/strong><\/h5><p>Sie k\u00f6nnen unsere Webseiten besuchen, ohne Angaben zu Ihrer Person zu machen. Wir speichern in diesem Zusammenhang keinerlei pers\u00f6nliche Daten. Um unser Angebot zu verbessern, werten wir lediglich statistische Daten aus, die keinen R\u00fcckschluss auf Ihre Person erlauben.<\/p><h5><strong>Erhebung und Verarbeitung bei Nutzung des Kontaktformulars<\/strong><\/h5><p>Bei Nutzung des Kontaktformulars erheben wir personenbezogene Daten (Einzelangaben \u00fcber pers\u00f6nliche oder sachliche Verh\u00e4ltnisse einer bestimmten oder bestimmbaren nat\u00fcrlichen Person) nur in dem von Ihnen zur Verf\u00fcgung gestellten Umfang. Ihre Emailadresse nutzen wir nur zur Bearbeitung Ihrer Anfrage. Ihre Daten werden anschlie\u00dfend gel\u00f6scht, sofern Sie der weitergehenden Verarbeitung und Nutzung nicht zugestimmt haben.<\/p><h5><strong>Erhebung, Verarbeitung und Nutzung personenbezogener Daten<\/strong><\/h5><p>Wir erheben personenbezogene Daten (Einzelangaben \u00fcber pers\u00f6nliche oder sachliche Verh\u00e4ltnisse einer bestimmten oder bestimmbaren nat\u00fcrlichen Person) nur in dem von Ihnen zur Verf\u00fcgung gestellten Umfang. Die Verarbeitung und Nutzung Ihrer personenbezogenen Daten erfolgt zur Erf\u00fcllung und Abwicklung Ihrer Bestellung sowie zur Bearbeitung Ihrer Anfragen.<\/p><p>Nach vollst\u00e4ndiger Vertragsabwicklung werden alle personenbezogenen Daten zun\u00e4chst unter Ber\u00fccksichtigung steuer- und handelsrechtlicher Aufbewahrungsfristen gespeichert und dann nach Fristablauf gel\u00f6scht, sofern Sie der weitergehenden Verarbeitung und Nutzung nicht zugestimmt haben.<\/p><h5><strong>Verwendung der Emailadresse f\u00fcr die Zusendung von Newslettern<\/strong><\/h5><p>Wir nutzen Ihre Emailadresse unabh\u00e4ngig von der Vertragsabwicklung ausschlie\u00dflich f\u00fcr eigene Werbezwecke zum Newsletter Versand, sofern Sie dem ausdr\u00fccklich zugestimmt haben.<\/p><p>Sie k\u00f6nnen den Newsletter jederzeit mit Klick auf \u2018unsubscribe from this list\u2019 zuunterst in der erhaltenen Email abmelden.\u00a0Ihre Emailadresse wird danach gel\u00f6scht.<\/p><h5><strong>Weitergabe personenbezogener Daten<\/strong><\/h5><p>Eine Weitergabe Ihrer Daten an Dritte ohne Ihre ausdr\u00fcckliche Einwilligung erfolgt nicht. Ausgenommen hiervon sind lediglich unsere Dienstleistungspartner, die wir zur Abwicklung des Vertragsverh\u00e4ltnisses ben\u00f6tigen. In diesen F\u00e4llen beachten wir strikt die Vorgaben des Bundesdatenschutzgesetzes. Der Umfang der Daten\u00fcbermittlung beschr\u00e4nkt sich auf ein Mindestma\u00df.<\/p><h5><strong>Auskunft, Berichtigung, Sperrung und L\u00f6schung von Daten<\/strong><\/h5><p>Sie haben jederzeit das Recht auf unentgeltliche Auskunft \u00fcber Ihre gespeicherten Daten sowie das Recht auf Berichtigung, L\u00f6schung bzw. Sperrung. Kontaktieren Sie uns auf Wunsch.<\/p>\t\t\t\t\t\t\t\t<\/div>\n\t\t\t\t<\/div>\n\t\t\t\t\t<\/div>\n\t\t<\/div>\n\t\t\t\t\t<\/div>\n\t\t<\/section>\n\t\t\t\t<\/div>","protected":false},"excerpt":{"rendered":"<p>Datenschutzerkl\u00e4rung Nach Grundverordnung (DSGVO) der EU HERZLICH WILLKOMMEN AUF UNSERER WEBSEITE! Wir legen gr\u00f6\u00dften Wert auf den Schutz Ihrer Daten und die Wahrung Ihrer Privatsph\u00e4re. Nachstehend informieren wir Sie deshalb \u00fcber die Erhebung und Verwendung pers\u00f6nlicher Daten bei Nutzung unserer Webseite. Anonyme Datenerhebung Sie k\u00f6nnen unsere Webseiten besuchen, ohne Angaben zu Ihrer Person zu machen. [&hellip;]<\/p>\n","protected":false},"author":1,"featured_media":0,"parent":0,"menu_order":0,"comment_status":"closed","ping_status":"closed","template":"","meta":{"site-sidebar-layout":"no-sidebar","site-content-layout":"page-builder","ast-site-content-layout":"default","site-content-style":"default","site-sidebar-style":"default","ast-global-header-display":"","ast-banner-title-visibility":"","ast-main-header-display":"","ast-hfb-above-header-display":"","ast-hfb-below-header-display":"","ast-hfb-mobile-header-display":"","site-post-title":"disabled","ast-breadcrumbs-content":"","ast-featured-img":"disabled","footer-sml-layout":"","ast-disable-related-posts":"","theme-transparent-header-meta":"","adv-header-id-meta":"","stick-header-meta":"","header-above-stick-meta":"","header-main-stick-meta":"","header-below-stick-meta":"","astra-migrate-meta-layouts":"default","ast-page-background-enabled":"default","ast-page-background-meta":{"desktop":{"background-color":"","background-image":"","background-repeat":"repeat","background-position":"center center","background-size":"auto","background-attachment":"scroll","background-type":"","background-media":"","overlay-type":"","overlay-color":"","overlay-opacity":"","overlay-gradient":""},"tablet":{"background-color":"","background-image":"","background-repeat":"repeat","background-position":"center center","background-size":"auto","background-attachment":"scroll","background-type":"","background-media":"","overlay-type":"","overlay-color":"","overlay-opacity":"","overlay-gradient":""},"mobile":{"background-color":"","background-image":"","background-repeat":"repeat","background-position":"center center","background-size":"auto","background-attachment":"scroll","background-type":"","background-media":"","overlay-type":"","overlay-color":"","overlay-opacity":"","overlay-gradient":""}},"ast-content-background-meta":{"desktop":{"background-color":"var(--ast-global-color-5)","background-image":"","background-repeat":"repeat","background-position":"center center","background-size":"auto","background-attachment":"scroll","background-type":"","background-media":"","overlay-type":"","overlay-color":"","overlay-opacity":"","overlay-gradient":""},"tablet":{"background-color":"var(--ast-global-color-5)","background-image":"","background-repeat":"repeat","background-position":"center center","background-size":"auto","background-attachment":"scroll","background-type":"","background-media":"","overlay-type":"","overlay-color":"","overlay-opacity":"","overlay-gradient":""},"mobile":{"background-color":"var(--ast-global-color-5)","background-image":"","background-repeat":"repeat","background-position":"center center","background-size":"auto","background-attachment":"scroll","background-type":"","background-media":"","overlay-type":"","overlay-color":"","overlay-opacity":"","overlay-gradient":""}},"footnotes":""},"class_list":["post-8553","page","type-page","status-publish","hentry"],"yoast_head":"<!-- This site is optimized with the Yoast SEO plugin v27.4 - https:\/\/yoast.com\/product\/yoast-seo-wordpress\/ -->\n<title>Datenschutzerkl\u00e4rung - Tuhorn Sports<\/title>\n<meta name=\"robots\" content=\"index, follow, max-snippet:-1, max-image-preview:large, max-video-preview:-1\" \/>\n<link rel=\"canonical\" href=\"https:\/\/www.tuhorn.ch\/en\/datenschutzerklaerung\/\" \/>\n<meta property=\"og:locale\" content=\"en_US\" \/>\n<meta property=\"og:type\" content=\"article\" \/>\n<meta property=\"og:title\" content=\"Datenschutzerkl\u00e4rung - Tuhorn Sports\" \/>\n<meta property=\"og:description\" content=\"Datenschutzerkl\u00e4rung Nach Grundverordnung (DSGVO) der EU HERZLICH WILLKOMMEN AUF UNSERER WEBSEITE! Wir legen gr\u00f6\u00dften Wert auf den Schutz Ihrer Daten und die Wahrung Ihrer Privatsph\u00e4re. Nachstehend informieren wir Sie deshalb \u00fcber die Erhebung und Verwendung pers\u00f6nlicher Daten bei Nutzung unserer Webseite. Anonyme Datenerhebung Sie k\u00f6nnen unsere Webseiten besuchen, ohne Angaben zu Ihrer Person zu machen. [&hellip;]\" \/>\n<meta property=\"og:url\" content=\"https:\/\/www.tuhorn.ch\/en\/datenschutzerklaerung\/\" \/>\n<meta property=\"og:site_name\" content=\"Tuhorn Sports\" \/>\n<meta property=\"article:publisher\" content=\"https:\/\/www.facebook.com\/profile.php?id=100085949725353\" \/>\n<meta property=\"article:modified_time\" content=\"2023-03-24T22:17:41+00:00\" \/>\n<meta name=\"twitter:card\" content=\"summary_large_image\" \/>\n<script type=\"application\/ld+json\" class=\"yoast-schema-graph\">{\"@context\":\"https:\\\/\\\/schema.org\",\"@graph\":[{\"@type\":\"WebPage\",\"@id\":\"https:\\\/\\\/www.tuhorn.ch\\\/datenschutzerklaerung\\\/\",\"url\":\"https:\\\/\\\/www.tuhorn.ch\\\/datenschutzerklaerung\\\/\",\"name\":\"Datenschutzerkl\u00e4rung - Tuhorn Sports\",\"isPartOf\":{\"@id\":\"https:\\\/\\\/www.tuhorn.ch\\\/#website\"},\"datePublished\":\"2023-03-24T22:13:11+00:00\",\"dateModified\":\"2023-03-24T22:17:41+00:00\",\"breadcrumb\":{\"@id\":\"https:\\\/\\\/www.tuhorn.ch\\\/datenschutzerklaerung\\\/#breadcrumb\"},\"inLanguage\":\"en-US\",\"potentialAction\":[{\"@type\":\"ReadAction\",\"target\":[\"https:\\\/\\\/www.tuhorn.ch\\\/datenschutzerklaerung\\\/\"]}]},{\"@type\":\"BreadcrumbList\",\"@id\":\"https:\\\/\\\/www.tuhorn.ch\\\/datenschutzerklaerung\\\/#breadcrumb\",\"itemListElement\":[{\"@type\":\"ListItem\",\"position\":1,\"name\":\"Home\",\"item\":\"https:\\\/\\\/www.tuhorn.ch\\\/\"},{\"@type\":\"ListItem\",\"position\":2,\"name\":\"Datenschutzerkl\u00e4rung\"}]},{\"@type\":\"WebSite\",\"@id\":\"https:\\\/\\\/www.tuhorn.ch\\\/#website\",\"url\":\"https:\\\/\\\/www.tuhorn.ch\\\/\",\"name\":\"Best Boxing equipment - Tuhorn Sports\",\"description\":\"Premium-Ausr\u00fcstung ohne Premium-Preis\",\"publisher\":{\"@id\":\"https:\\\/\\\/www.tuhorn.ch\\\/#organization\"},\"alternateName\":\"Tuhorn\",\"potentialAction\":[{\"@type\":\"SearchAction\",\"target\":{\"@type\":\"EntryPoint\",\"urlTemplate\":\"https:\\\/\\\/www.tuhorn.ch\\\/?s={search_term_string}\"},\"query-input\":{\"@type\":\"PropertyValueSpecification\",\"valueRequired\":true,\"valueName\":\"search_term_string\"}}],\"inLanguage\":\"en-US\"},{\"@type\":\"Organization\",\"@id\":\"https:\\\/\\\/www.tuhorn.ch\\\/#organization\",\"name\":\"Tuhorn Sports\",\"alternateName\":\"Tuhron\",\"url\":\"https:\\\/\\\/www.tuhorn.ch\\\/\",\"logo\":{\"@type\":\"ImageObject\",\"inLanguage\":\"en-US\",\"@id\":\"https:\\\/\\\/www.tuhorn.ch\\\/#\\\/schema\\\/logo\\\/image\\\/\",\"url\":\"https:\\\/\\\/www.tuhorn.ch\\\/wp-content\\\/uploads\\\/2022\\\/11\\\/Tuhorn-full-logo-jpg.jpg\",\"contentUrl\":\"https:\\\/\\\/www.tuhorn.ch\\\/wp-content\\\/uploads\\\/2022\\\/11\\\/Tuhorn-full-logo-jpg.jpg\",\"width\":1200,\"height\":800,\"caption\":\"Tuhorn Sports\"},\"image\":{\"@id\":\"https:\\\/\\\/www.tuhorn.ch\\\/#\\\/schema\\\/logo\\\/image\\\/\"},\"sameAs\":[\"https:\\\/\\\/www.facebook.com\\\/profile.php?id=100085949725353\",\"https:\\\/\\\/www.instagram.com\\\/tuhornsports\\\/\",\"https:\\\/\\\/www.tiktok.com\\\/@tuhorn\"]}]}<\/script>\n<!-- \/ Yoast SEO plugin. -->","yoast_head_json":{"title":"Datenschutzerkl\u00e4rung - Tuhorn Sports","robots":{"index":"index","follow":"follow","max-snippet":"max-snippet:-1","max-image-preview":"max-image-preview:large","max-video-preview":"max-video-preview:-1"},"canonical":"https:\/\/www.tuhorn.ch\/en\/datenschutzerklaerung\/","og_locale":"en_US","og_type":"article","og_title":"Datenschutzerkl\u00e4rung - Tuhorn Sports","og_description":"Datenschutzerkl\u00e4rung Nach Grundverordnung (DSGVO) der EU HERZLICH WILLKOMMEN AUF UNSERER WEBSEITE! Wir legen gr\u00f6\u00dften Wert auf den Schutz Ihrer Daten und die Wahrung Ihrer Privatsph\u00e4re. Nachstehend informieren wir Sie deshalb \u00fcber die Erhebung und Verwendung pers\u00f6nlicher Daten bei Nutzung unserer Webseite. Anonyme Datenerhebung Sie k\u00f6nnen unsere Webseiten besuchen, ohne Angaben zu Ihrer Person zu machen. [&hellip;]","og_url":"https:\/\/www.tuhorn.ch\/en\/datenschutzerklaerung\/","og_site_name":"Tuhorn Sports","article_publisher":"https:\/\/www.facebook.com\/profile.php?id=100085949725353","article_modified_time":"2023-03-24T22:17:41+00:00","twitter_card":"summary_large_image","schema":{"@context":"https:\/\/schema.org","@graph":[{"@type":"WebPage","@id":"https:\/\/www.tuhorn.ch\/datenschutzerklaerung\/","url":"https:\/\/www.tuhorn.ch\/datenschutzerklaerung\/","name":"Datenschutzerkl\u00e4rung - Tuhorn Sports","isPartOf":{"@id":"https:\/\/www.tuhorn.ch\/#website"},"datePublished":"2023-03-24T22:13:11+00:00","dateModified":"2023-03-24T22:17:41+00:00","breadcrumb":{"@id":"https:\/\/www.tuhorn.ch\/datenschutzerklaerung\/#breadcrumb"},"inLanguage":"en-US","potentialAction":[{"@type":"ReadAction","target":["https:\/\/www.tuhorn.ch\/datenschutzerklaerung\/"]}]},{"@type":"BreadcrumbList","@id":"https:\/\/www.tuhorn.ch\/datenschutzerklaerung\/#breadcrumb","itemListElement":[{"@type":"ListItem","position":1,"name":"Home","item":"https:\/\/www.tuhorn.ch\/"},{"@type":"ListItem","position":2,"name":"Datenschutzerkl\u00e4rung"}]},{"@type":"WebSite","@id":"https:\/\/www.tuhorn.ch\/#website","url":"https:\/\/www.tuhorn.ch\/","name":"Best Boxing equipment - Tuhorn Sports","description":"Premium Gear Without the Premium Price","publisher":{"@id":"https:\/\/www.tuhorn.ch\/#organization"},"alternateName":"Tuhorn","potentialAction":[{"@type":"SearchAction","target":{"@type":"EntryPoint","urlTemplate":"https:\/\/www.tuhorn.ch\/?s={search_term_string}"},"query-input":{"@type":"PropertyValueSpecification","valueRequired":true,"valueName":"search_term_string"}}],"inLanguage":"en-US"},{"@type":"Organization","@id":"https:\/\/www.tuhorn.ch\/#organization","name":"Tuhorn Sports","alternateName":"Tuhron","url":"https:\/\/www.tuhorn.ch\/","logo":{"@type":"ImageObject","inLanguage":"en-US","@id":"https:\/\/www.tuhorn.ch\/#\/schema\/logo\/image\/","url":"https:\/\/www.tuhorn.ch\/wp-content\/uploads\/2022\/11\/Tuhorn-full-logo-jpg.jpg","contentUrl":"https:\/\/www.tuhorn.ch\/wp-content\/uploads\/2022\/11\/Tuhorn-full-logo-jpg.jpg","width":1200,"height":800,"caption":"Tuhorn Sports"},"image":{"@id":"https:\/\/www.tuhorn.ch\/#\/schema\/logo\/image\/"},"sameAs":["https:\/\/www.facebook.com\/profile.php?id=100085949725353","https:\/\/www.instagram.com\/tuhornsports\/","https:\/\/www.tiktok.com\/@tuhorn"]}]}},"_links":{"self":[{"href":"https:\/\/www.tuhorn.ch\/en\/wp-json\/wp\/v2\/pages\/8553","targetHints":{"allow":["GET"]}}],"collection":[{"href":"https:\/\/www.tuhorn.ch\/en\/wp-json\/wp\/v2\/pages"}],"about":[{"href":"https:\/\/www.tuhorn.ch\/en\/wp-json\/wp\/v2\/types\/page"}],"author":[{"embeddable":true,"href":"https:\/\/www.tuhorn.ch\/en\/wp-json\/wp\/v2\/users\/1"}],"replies":[{"embeddable":true,"href":"https:\/\/www.tuhorn.ch\/en\/wp-json\/wp\/v2\/comments?post=8553"}],"version-history":[{"count":0,"href":"https:\/\/www.tuhorn.ch\/en\/wp-json\/wp\/v2\/pages\/8553\/revisions"}],"wp:attachment":[{"href":"https:\/\/www.tuhorn.ch\/en\/wp-json\/wp\/v2\/media?parent=8553"}],"curies":[{"name":"wp","href":"https:\/\/api.w.org\/{rel}","templated":true}]}}