{"id":1324,"date":"2022-10-27T22:21:57","date_gmt":"2022-10-27T22:21:57","guid":{"rendered":"https:\/\/tuhorn.ch\/?page_id=1324"},"modified":"2024-11-19T14:41:31","modified_gmt":"2024-11-19T13:41:31","slug":"agb","status":"publish","type":"page","link":"https:\/\/www.tuhorn.ch\/en\/agb\/","title":{"rendered":"Terms and Conditions"},"content":{"rendered":"<div data-elementor-type=\"wp-page\" data-elementor-id=\"1324\" class=\"elementor elementor-1324\" data-elementor-post-type=\"page\">\n\t\t\t\t\t\t<section class=\"elementor-section elementor-top-section elementor-element elementor-element-75473062 elementor-section-height-min-height elementor-section-boxed elementor-section-height-default elementor-section-items-middle\" data-id=\"75473062\" data-element_type=\"section\" data-e-type=\"section\">\n\t\t\t\t\t\t<div class=\"elementor-container elementor-column-gap-no\">\n\t\t\t\t\t<div class=\"elementor-column elementor-col-100 elementor-top-column elementor-element elementor-element-367da47d\" data-id=\"367da47d\" data-element_type=\"column\" data-e-type=\"column\">\n\t\t\t<div class=\"elementor-widget-wrap elementor-element-populated\">\n\t\t\t\t\t\t<div class=\"elementor-element elementor-element-361f1af elementor-widget elementor-widget-heading\" data-id=\"361f1af\" data-element_type=\"widget\" data-e-type=\"widget\" data-widget_type=\"heading.default\">\n\t\t\t\t<div class=\"elementor-widget-container\">\n\t\t\t\t\t<h2 class=\"elementor-heading-title elementor-size-large\"><span>General Terms and Conditions<\/span><\/h2>\t\t\t\t<\/div>\n\t\t\t\t<\/div>\n\t\t\t\t<div class=\"elementor-element elementor-element-2f7b1dc elementor-widget elementor-widget-text-editor\" data-id=\"2f7b1dc\" data-element_type=\"widget\" data-e-type=\"widget\" data-widget_type=\"text-editor.default\">\n\t\t\t\t<div class=\"elementor-widget-container\">\n\t\t\t\t\t\t\t\t\t<p>Our Sales, Delivery, and Payment Terms<\/p><ol><li>General<\/li><\/ol><p>The following terms and conditions apply to all contracts, deliveries, and other services. Deviations, even due to differing general terms and conditions of the buyer, require our explicit written confirmation. Our offers are non-binding and subject to change. We expressly reserve the right to make changes to items in terms of color, design, and technical improvements.<\/p><ol start=\"2\"><li>Conclusion of the contract<\/li><\/ol><p>The offer to conclude a purchase contract is made by the customer by clicking the \"Place order with obligation to pay\" button after fully completing the order page.<br \/>Nach Absenden der Bestellung erh\u00e4lt der Kunde eine automatisierte E-Mail, mit der wir den Zugang der Bestellung best\u00e4tigen. Die Bestellbest\u00e4tigung dient lediglich der Information, dass wir die Bestellung erhalten haben.<br \/>The customer has the option to print the order and the entered data during the ordering process. Additionally, the option to create a customer account is available. In the customer account, order details can be viewed after entering personal login credentials. Tuhorn.ch reserves the right, without providing a reason, to block customer accounts at its discretion.<\/p><ol start=\"3\"><li>Inquiry<\/li><\/ol><p>Customer feedback is central to us.<br \/>If you have any questions or requests, or if you would like to order products via email, you can send an email to hallo@tuhorn.ch. Your email will usually be processed within 24 hours.<br \/>If you would like phone consultation or have questions that you prefer not to discuss via email, please provide your phone number via email. We will call you back as soon as possible.<\/p><ol start=\"4\"><li>Price<\/li><\/ol><p>The prices are subject to change and apply ex-warehouse Muri, net. Shipping for orders over CHF 88 and delivery within Switzerland is included in the price. For orders under CHF 250 or deliveries abroad, shipping costs will be charged additionally. Delivery is at the recipient's expense and risk. The prices listed are in CHF and include the statutory value-added tax (VAT). Changes to the prices, terms, and other conditions listed on the website are reserved, with the order date being the decisive date.<\/p><ol start=\"5\"><li>Discount<\/li><\/ol><p>Authorities, associations, schools, and resellers may be eligible for discounts. To discuss the possibility of discounts and their details, please contact hallo@tuhorn.ch.<\/p><ol start=\"6\"><li>Delivery &amp; Transfer of Risk<\/li><\/ol><p>We work with Swiss Post. The standard delivery time is usually 1 to 2 business days, depending on the time of the order. For orders within Switzerland up to a value of CHF 88, a flat rate of CHF 9.50 per delivery will be charged. For orders over CHF 88 and under 5 kg, we cover the shipping costs. If the weight of the order exceeds 5 kg, the prices listed below will apply.<br \/>\u00a0 5 kg \u2013 10 kg: CHF 13<br \/>\u00a0 10 kg \u2013 20 kg: CHF 25<br \/>\u00a0 20 kg \u2013 30 kg: CHF 33<br \/>If the weight of the order is 30 kg or more, or if the length of the package exceeds 100 cm, the shipment will be considered oversized. An additional delivery fee of CHF 35 will be charged for oversized goods. For large orders, we recommend contacting us via hallo@tuhorn.ch.<br \/>Partial deliveries are permitted, insofar as they cannot be avoided. Post packages will be resent free of charge, while other shipping methods will be charged at cost. The delivery time is generally as fast as possible, except for confirmed fixed dates.<br \/>You must immediately check the delivered or collected products for accuracy, completeness, and any delivery damage. Our obligation is fulfilled when the goods are handed over to the carrier. After shipment, the risk of accidental deterioration and loss of the goods transfers to the customer. We are not liable for any fault of the transport company used. Any transport damage should be reported directly to the respective transport company.<br \/>Uncollected shipments at the post office or undeliverable packages will be returned to us by the postal service, for which we must pay the return shipping costs. To resend the package, delivery costs will apply again. These costs are to be borne by the customer. We reserve the right to request the payment of the new delivery fees in advance before the shipment is sent again.<\/p><ol start=\"7\"><li>International Orders<\/li><\/ol><p>We work with Swiss Post. If you are located in a European country, the standard delivery time is usually between 5 and 20 business days, depending on the time of the order. Delivery to countries outside of Europe may take a few extra days due to the individual procedure. For deliveries to European countries, we cover the shipping costs if the order value exceeds CHF 250 (and the weight is under 5 kg). For orders to a European country with a value of less than CHF 250, a flat fee of CHF 24 will be charged for shipping.<br \/>If the total weight of the order exceeds 5 kg, the exact shipping costs will be charged to you; the amount depends on the respective postal zone. We recommend that you contact us at hallo@tuhorn.ch so we can work together to find the best solution for you.<br \/>Please note that for international orders, the price does not include taxes (e.g., VAT) or customs duties. These costs will be charged to the customer by the relevant authorities.<br \/>If the weight of the order is 30 kg or more, or if the length of the package exceeds 100 cm, the shipment will be considered oversized. For large orders, we recommend that you contact us at hallo@tuhorn.ch.<\/p><ol start=\"8\"><li>Payment<\/li><\/ol><p>We offer the following payment options:<br \/>You can pay directly in the online shop with a credit\/debit card, Twint, or through your PayPal account. Once the payment confirmation is received, your shipment will be handed over to Swiss Post for dispatch by the next day at the latest.<br \/>Alternatively, you can select the \"direct bank transfer\" option in the online shop. In this case, you transfer the amount specified on the order confirmation via bank transfer to our account at UBS. Once the corresponding amount is confirmed as received, the order will be handed over to Swiss Post for dispatch by the next day at the latest. If the prepayment is not credited to our account within 5 days, your order will be automatically canceled.<\/p><ol start=\"9\"><li>Money back guarantee: 50 days<\/li><\/ol><p>Since we are confident in the quality of our products, we offer you a 50-day trial period. During this time, you can use the products even during your training sessions. If, for any reason, you do not like the products, you can return them to us at your own expense, and we will refund the full purchase price minus the separately charged delivery costs (for orders under CHF 88 within Switzerland or for international orders under CHF 250; refer to section 7). The refund will be processed only after the products have been inspected. If the products are rendered unusable beyond normal wear and tear due to intentional or careless handling, we reserve the right to refuse the refund. In this case, we may return the products to you at your own expense if desired.<br \/>The cut-off date for calculating this money-back guarantee is the 50th day after payment of the order.<br \/>If you would like to learn more about the 50-day money-back guarantee, please follow this link.<\/p>\t\t\t\t\t\t\t\t<\/div>\n\t\t\t\t<\/div>\n\t\t\t\t<div class=\"elementor-element elementor-element-d867997 elementor-widget elementor-widget-button\" data-id=\"d867997\" data-element_type=\"widget\" data-e-type=\"widget\" data-widget_type=\"button.default\">\n\t\t\t\t<div class=\"elementor-widget-container\">\n\t\t\t\t\t\t\t\t\t<div class=\"elementor-button-wrapper\">\n\t\t\t\t\t<a class=\"elementor-button elementor-button-link elementor-size-sm\" href=\"https:\/\/www.tuhorn.ch\/50-tage-geld-zuruck-garantie-boxartikel\/\" target=\"_blank\">\n\t\t\t\t\t\t<span class=\"elementor-button-content-wrapper\">\n\t\t\t\t\t\t<span class=\"elementor-button-icon\">\n\t\t\t\t<i aria-hidden=\"true\" class=\"far fa-sticky-note\"><\/i>\t\t\t<\/span>\n\t\t\t\t\t\t\t\t\t<span class=\"elementor-button-text\">Link<\/span>\n\t\t\t\t\t<\/span>\n\t\t\t\t\t<\/a>\n\t\t\t\t<\/div>\n\t\t\t\t\t\t\t\t<\/div>\n\t\t\t\t<\/div>\n\t\t\t\t<div class=\"elementor-element elementor-element-6da9433 elementor-widget elementor-widget-text-editor\" data-id=\"6da9433\" data-element_type=\"widget\" data-e-type=\"widget\" data-widget_type=\"text-editor.default\">\n\t\t\t\t<div class=\"elementor-widget-container\">\n\t\t\t\t\t\t\t\t\t<ol start=\"10\"><li>Warranty<\/li><\/ol><p>After the 50-day trial period, we no longer offer a full refund, but we will repair the product free of charge within one year of purchase, provided the defects are caused by normal use. In this case, the customer must send the product to us, and we will take care of the repair. Damages caused by intentional misuse or improper use are excluded from this warranty. This warranty can only be claimed upon presentation of the proof of purchase. Any warranty claim is void for discounted items.<\/p><ol start=\"11\"><li>Customizing<\/li><\/ol><p>You can also order custom personalized products from us. The possibilities are nearly endless: different colors, prints (names, logos, etc.), or embroidery. You can contact us at hallo@tuhorn.ch to discuss the details.\u00a0\u00a0<\/p><p>Updated on: 19.11. 2024.<\/p>\t\t\t\t\t\t\t\t<\/div>\n\t\t\t\t<\/div>\n\t\t\t\t\t<\/div>\n\t\t<\/div>\n\t\t\t\t\t<\/div>\n\t\t<\/section>\n\t\t\t\t<\/div>","protected":false},"excerpt":{"rendered":"<p>ALLGEMEINE GESCH\u00c4FTSBEDINGUNGEN Unsere Verkaufs-, Liefer- und Zahlungsbedingungen Allgemeines Nachstehende Bedingungen gelten f\u00fcr alle Vertr\u00e4ge, Lieferungen und sonstige Leistungen. Abweichungen, auch aufgrund abweichender, allgemeiner Gesch\u00e4ftsbedingungen des K\u00e4ufers, bed\u00fcrfen unserer ausdr\u00fccklichen, schriftlichen Best\u00e4tigung. Unsere Angebote sind unverbindlich und freibleibend. Artikel\u00e4nderungen in Farbe und Design, sowie technische Verbesserungen, behalten wir uns ausdr\u00fccklich vor. Vertragsabschluss Das Angebot zum Abschluss [&hellip;]<\/p>\n","protected":false},"author":1,"featured_media":0,"parent":0,"menu_order":0,"comment_status":"closed","ping_status":"closed","template":"elementor_header_footer","meta":{"site-sidebar-layout":"default","site-content-layout":"content-boxed-container","ast-site-content-layout":"default","site-content-style":"default","site-sidebar-style":"default","ast-global-header-display":"","ast-banner-title-visibility":"","ast-main-header-display":"","ast-hfb-above-header-display":"","ast-hfb-below-header-display":"","ast-hfb-mobile-header-display":"","site-post-title":"disabled","ast-breadcrumbs-content":"disabled","ast-featured-img":"disabled","footer-sml-layout":"","ast-disable-related-posts":"","theme-transparent-header-meta":"disabled","adv-header-id-meta":"","stick-header-meta":"default","header-above-stick-meta":"","header-main-stick-meta":"","header-below-stick-meta":"","astra-migrate-meta-layouts":"default","ast-page-background-enabled":"default","ast-page-background-meta":{"desktop":{"background-color":"","background-image":"","background-repeat":"repeat","background-position":"center center","background-size":"auto","background-attachment":"scroll","background-type":"","background-media":"","overlay-type":"","overlay-color":"","overlay-opacity":"","overlay-gradient":""},"tablet":{"background-color":"","background-image":"","background-repeat":"repeat","background-position":"center center","background-size":"auto","background-attachment":"scroll","background-type":"","background-media":"","overlay-type":"","overlay-color":"","overlay-opacity":"","overlay-gradient":""},"mobile":{"background-color":"","background-image":"","background-repeat":"repeat","background-position":"center center","background-size":"auto","background-attachment":"scroll","background-type":"","background-media":"","overlay-type":"","overlay-color":"","overlay-opacity":"","overlay-gradient":""}},"ast-content-background-meta":{"desktop":{"background-color":"var(--ast-global-color-5)","background-image":"","background-repeat":"repeat","background-position":"center center","background-size":"auto","background-attachment":"scroll","background-type":"","background-media":"","overlay-type":"","overlay-color":"","overlay-opacity":"","overlay-gradient":""},"tablet":{"background-color":"var(--ast-global-color-5)","background-image":"","background-repeat":"repeat","background-position":"center center","background-size":"auto","background-attachment":"scroll","background-type":"","background-media":"","overlay-type":"","overlay-color":"","overlay-opacity":"","overlay-gradient":""},"mobile":{"background-color":"var(--ast-global-color-5)","background-image":"","background-repeat":"repeat","background-position":"center center","background-size":"auto","background-attachment":"scroll","background-type":"","background-media":"","overlay-type":"","overlay-color":"","overlay-opacity":"","overlay-gradient":""}},"footnotes":""},"class_list":["post-1324","page","type-page","status-publish","hentry"],"yoast_head":"<!-- This site is optimized with the Yoast SEO plugin v27.4 - https:\/\/yoast.com\/product\/yoast-seo-wordpress\/ -->\n<title>AGB - Tuhorn Sports<\/title>\n<meta name=\"robots\" content=\"index, follow, max-snippet:-1, max-image-preview:large, max-video-preview:-1\" \/>\n<link rel=\"canonical\" href=\"https:\/\/www.tuhorn.ch\/en\/agb\/\" \/>\n<meta property=\"og:locale\" content=\"en_US\" \/>\n<meta property=\"og:type\" content=\"article\" \/>\n<meta property=\"og:title\" content=\"AGB - Tuhorn Sports\" \/>\n<meta property=\"og:description\" content=\"ALLGEMEINE GESCH\u00c4FTSBEDINGUNGEN Unsere Verkaufs-, Liefer- und Zahlungsbedingungen Allgemeines Nachstehende Bedingungen gelten f\u00fcr alle Vertr\u00e4ge, Lieferungen und sonstige Leistungen. Abweichungen, auch aufgrund abweichender, allgemeiner Gesch\u00e4ftsbedingungen des K\u00e4ufers, bed\u00fcrfen unserer ausdr\u00fccklichen, schriftlichen Best\u00e4tigung. Unsere Angebote sind unverbindlich und freibleibend. Artikel\u00e4nderungen in Farbe und Design, sowie technische Verbesserungen, behalten wir uns ausdr\u00fccklich vor. Vertragsabschluss Das Angebot zum Abschluss [&hellip;]\" \/>\n<meta property=\"og:url\" content=\"https:\/\/www.tuhorn.ch\/en\/agb\/\" \/>\n<meta property=\"og:site_name\" content=\"Tuhorn Sports\" \/>\n<meta property=\"article:publisher\" content=\"https:\/\/www.facebook.com\/profile.php?id=100085949725353\" \/>\n<meta property=\"article:modified_time\" content=\"2024-11-19T13:41:31+00:00\" \/>\n<meta name=\"twitter:card\" content=\"summary_large_image\" \/>\n<script type=\"application\/ld+json\" class=\"yoast-schema-graph\">{\"@context\":\"https:\\\/\\\/schema.org\",\"@graph\":[{\"@type\":\"WebPage\",\"@id\":\"https:\\\/\\\/www.tuhorn.ch\\\/agb\\\/\",\"url\":\"https:\\\/\\\/www.tuhorn.ch\\\/agb\\\/\",\"name\":\"AGB - Tuhorn Sports\",\"isPartOf\":{\"@id\":\"https:\\\/\\\/www.tuhorn.ch\\\/#website\"},\"datePublished\":\"2022-10-27T22:21:57+00:00\",\"dateModified\":\"2024-11-19T13:41:31+00:00\",\"breadcrumb\":{\"@id\":\"https:\\\/\\\/www.tuhorn.ch\\\/agb\\\/#breadcrumb\"},\"inLanguage\":\"en-US\",\"potentialAction\":[{\"@type\":\"ReadAction\",\"target\":[\"https:\\\/\\\/www.tuhorn.ch\\\/agb\\\/\"]}]},{\"@type\":\"BreadcrumbList\",\"@id\":\"https:\\\/\\\/www.tuhorn.ch\\\/agb\\\/#breadcrumb\",\"itemListElement\":[{\"@type\":\"ListItem\",\"position\":1,\"name\":\"Home\",\"item\":\"https:\\\/\\\/www.tuhorn.ch\\\/\"},{\"@type\":\"ListItem\",\"position\":2,\"name\":\"AGB\"}]},{\"@type\":\"WebSite\",\"@id\":\"https:\\\/\\\/www.tuhorn.ch\\\/#website\",\"url\":\"https:\\\/\\\/www.tuhorn.ch\\\/\",\"name\":\"Best Boxing equipment - Tuhorn Sports\",\"description\":\"Premium-Ausr\u00fcstung ohne Premium-Preis\",\"publisher\":{\"@id\":\"https:\\\/\\\/www.tuhorn.ch\\\/#organization\"},\"alternateName\":\"Tuhorn\",\"potentialAction\":[{\"@type\":\"SearchAction\",\"target\":{\"@type\":\"EntryPoint\",\"urlTemplate\":\"https:\\\/\\\/www.tuhorn.ch\\\/?s={search_term_string}\"},\"query-input\":{\"@type\":\"PropertyValueSpecification\",\"valueRequired\":true,\"valueName\":\"search_term_string\"}}],\"inLanguage\":\"en-US\"},{\"@type\":\"Organization\",\"@id\":\"https:\\\/\\\/www.tuhorn.ch\\\/#organization\",\"name\":\"Tuhorn Sports\",\"alternateName\":\"Tuhron\",\"url\":\"https:\\\/\\\/www.tuhorn.ch\\\/\",\"logo\":{\"@type\":\"ImageObject\",\"inLanguage\":\"en-US\",\"@id\":\"https:\\\/\\\/www.tuhorn.ch\\\/#\\\/schema\\\/logo\\\/image\\\/\",\"url\":\"https:\\\/\\\/www.tuhorn.ch\\\/wp-content\\\/uploads\\\/2022\\\/11\\\/Tuhorn-full-logo-jpg.jpg\",\"contentUrl\":\"https:\\\/\\\/www.tuhorn.ch\\\/wp-content\\\/uploads\\\/2022\\\/11\\\/Tuhorn-full-logo-jpg.jpg\",\"width\":1200,\"height\":800,\"caption\":\"Tuhorn Sports\"},\"image\":{\"@id\":\"https:\\\/\\\/www.tuhorn.ch\\\/#\\\/schema\\\/logo\\\/image\\\/\"},\"sameAs\":[\"https:\\\/\\\/www.facebook.com\\\/profile.php?id=100085949725353\",\"https:\\\/\\\/www.instagram.com\\\/tuhornsports\\\/\",\"https:\\\/\\\/www.tiktok.com\\\/@tuhorn\"]}]}<\/script>\n<!-- \/ Yoast SEO plugin. -->","yoast_head_json":{"title":"AGB - Tuhorn Sports","robots":{"index":"index","follow":"follow","max-snippet":"max-snippet:-1","max-image-preview":"max-image-preview:large","max-video-preview":"max-video-preview:-1"},"canonical":"https:\/\/www.tuhorn.ch\/en\/agb\/","og_locale":"en_US","og_type":"article","og_title":"AGB - Tuhorn Sports","og_description":"ALLGEMEINE GESCH\u00c4FTSBEDINGUNGEN Unsere Verkaufs-, Liefer- und Zahlungsbedingungen Allgemeines Nachstehende Bedingungen gelten f\u00fcr alle Vertr\u00e4ge, Lieferungen und sonstige Leistungen. Abweichungen, auch aufgrund abweichender, allgemeiner Gesch\u00e4ftsbedingungen des K\u00e4ufers, bed\u00fcrfen unserer ausdr\u00fccklichen, schriftlichen Best\u00e4tigung. Unsere Angebote sind unverbindlich und freibleibend. Artikel\u00e4nderungen in Farbe und Design, sowie technische Verbesserungen, behalten wir uns ausdr\u00fccklich vor. Vertragsabschluss Das Angebot zum Abschluss [&hellip;]","og_url":"https:\/\/www.tuhorn.ch\/en\/agb\/","og_site_name":"Tuhorn Sports","article_publisher":"https:\/\/www.facebook.com\/profile.php?id=100085949725353","article_modified_time":"2024-11-19T13:41:31+00:00","twitter_card":"summary_large_image","schema":{"@context":"https:\/\/schema.org","@graph":[{"@type":"WebPage","@id":"https:\/\/www.tuhorn.ch\/agb\/","url":"https:\/\/www.tuhorn.ch\/agb\/","name":"AGB - Tuhorn Sports","isPartOf":{"@id":"https:\/\/www.tuhorn.ch\/#website"},"datePublished":"2022-10-27T22:21:57+00:00","dateModified":"2024-11-19T13:41:31+00:00","breadcrumb":{"@id":"https:\/\/www.tuhorn.ch\/agb\/#breadcrumb"},"inLanguage":"en-US","potentialAction":[{"@type":"ReadAction","target":["https:\/\/www.tuhorn.ch\/agb\/"]}]},{"@type":"BreadcrumbList","@id":"https:\/\/www.tuhorn.ch\/agb\/#breadcrumb","itemListElement":[{"@type":"ListItem","position":1,"name":"Home","item":"https:\/\/www.tuhorn.ch\/"},{"@type":"ListItem","position":2,"name":"AGB"}]},{"@type":"WebSite","@id":"https:\/\/www.tuhorn.ch\/#website","url":"https:\/\/www.tuhorn.ch\/","name":"Best Boxing equipment - Tuhorn Sports","description":"Premium Gear Without the Premium Price","publisher":{"@id":"https:\/\/www.tuhorn.ch\/#organization"},"alternateName":"Tuhorn","potentialAction":[{"@type":"SearchAction","target":{"@type":"EntryPoint","urlTemplate":"https:\/\/www.tuhorn.ch\/?s={search_term_string}"},"query-input":{"@type":"PropertyValueSpecification","valueRequired":true,"valueName":"search_term_string"}}],"inLanguage":"en-US"},{"@type":"Organization","@id":"https:\/\/www.tuhorn.ch\/#organization","name":"Tuhorn Sports","alternateName":"Tuhron","url":"https:\/\/www.tuhorn.ch\/","logo":{"@type":"ImageObject","inLanguage":"en-US","@id":"https:\/\/www.tuhorn.ch\/#\/schema\/logo\/image\/","url":"https:\/\/www.tuhorn.ch\/wp-content\/uploads\/2022\/11\/Tuhorn-full-logo-jpg.jpg","contentUrl":"https:\/\/www.tuhorn.ch\/wp-content\/uploads\/2022\/11\/Tuhorn-full-logo-jpg.jpg","width":1200,"height":800,"caption":"Tuhorn Sports"},"image":{"@id":"https:\/\/www.tuhorn.ch\/#\/schema\/logo\/image\/"},"sameAs":["https:\/\/www.facebook.com\/profile.php?id=100085949725353","https:\/\/www.instagram.com\/tuhornsports\/","https:\/\/www.tiktok.com\/@tuhorn"]}]}},"_links":{"self":[{"href":"https:\/\/www.tuhorn.ch\/en\/wp-json\/wp\/v2\/pages\/1324","targetHints":{"allow":["GET"]}}],"collection":[{"href":"https:\/\/www.tuhorn.ch\/en\/wp-json\/wp\/v2\/pages"}],"about":[{"href":"https:\/\/www.tuhorn.ch\/en\/wp-json\/wp\/v2\/types\/page"}],"author":[{"embeddable":true,"href":"https:\/\/www.tuhorn.ch\/en\/wp-json\/wp\/v2\/users\/1"}],"replies":[{"embeddable":true,"href":"https:\/\/www.tuhorn.ch\/en\/wp-json\/wp\/v2\/comments?post=1324"}],"version-history":[{"count":0,"href":"https:\/\/www.tuhorn.ch\/en\/wp-json\/wp\/v2\/pages\/1324\/revisions"}],"wp:attachment":[{"href":"https:\/\/www.tuhorn.ch\/en\/wp-json\/wp\/v2\/media?parent=1324"}],"curies":[{"name":"wp","href":"https:\/\/api.w.org\/{rel}","templated":true}]}}